{"id":2499,"date":"2024-01-02T17:51:05","date_gmt":"2024-01-02T15:51:05","guid":{"rendered":"https:\/\/christofferbjorklund.com\/valitut-tyot\/"},"modified":"2026-05-03T19:08:56","modified_gmt":"2026-05-03T16:08:56","slug":"valokuvaaja-vaasa-portfolio","status":"publish","type":"page","link":"https:\/\/christofferbjorklund.com\/fi\/valokuvaaja-vaasa-portfolio\/","title":{"rendered":"Valokuvaaja Vaasa \u2013 portfolio"},"content":{"rendered":"\t\t<div data-elementor-type=\"wp-page\" data-elementor-id=\"2499\" class=\"elementor elementor-2499 elementor-962\" data-elementor-post-type=\"page\">\n\t\t\t\t<div class=\"elementor-element elementor-element-3686b79 e-con-full elementor-hidden-mobile e-flex e-con e-parent\" data-id=\"3686b79\" data-element_type=\"container\" data-e-type=\"container\" data-settings=\"{&quot;background_background&quot;:&quot;classic&quot;}\">\n\t\t\t\t<div class=\"elementor-element elementor-element-d01cd16 elementor-widget elementor-widget-heading\" data-id=\"d01cd16\" data-element_type=\"widget\" data-e-type=\"widget\" data-widget_type=\"heading.default\">\n\t\t\t\t<div class=\"elementor-widget-container\">\n\t\t\t\t\t<p class=\"elementor-heading-title elementor-size-default\">Portfolio<\/p>\t\t\t\t<\/div>\n\t\t\t\t<\/div>\n\t\t\t\t<div class=\"elementor-element elementor-element-4482e63 elementor-widget elementor-widget-heading\" data-id=\"4482e63\" data-element_type=\"widget\" data-e-type=\"widget\" data-widget_type=\"heading.default\">\n\t\t\t\t<div class=\"elementor-widget-container\">\n\t\t\t\t\t<h1 class=\"elementor-heading-title elementor-size-default\">Valikoituja t\u00f6it\u00e4 valokuvauksen ja videon parissa<\/h1>\t\t\t\t<\/div>\n\t\t\t\t<\/div>\n\t\t\t\t<div class=\"elementor-element elementor-element-c15438a elementor-widget elementor-widget-heading\" data-id=\"c15438a\" data-element_type=\"widget\" data-e-type=\"widget\" data-widget_type=\"heading.default\">\n\t\t\t\t<div class=\"elementor-widget-container\">\n\t\t\t\t\t<p class=\"elementor-heading-title elementor-size-default\">Valikoima t\u00f6it\u00e4 yrityskuvauksen, reportaasikuvauksen ja videon parista Vaasassa, Pohjanmaalla ja muualla Suomessa.<\/p>\t\t\t\t<\/div>\n\t\t\t\t<\/div>\n\t\t\t\t<\/div>\n\t\t<div class=\"elementor-element elementor-element-0be689a e-con-full elementor-hidden-desktop elementor-hidden-tablet e-flex e-con e-parent\" data-id=\"0be689a\" data-element_type=\"container\" data-e-type=\"container\">\n\t\t\t\t<div class=\"elementor-element elementor-element-4af81b0 hero-no-lazy elementor-widget elementor-widget-image\" data-id=\"4af81b0\" data-element_type=\"widget\" data-e-type=\"widget\" data-widget_type=\"image.default\">\n\t\t\t\t<div class=\"elementor-widget-container\">\n\t\t\t\t\t\t\t\t\t\t\t\t\t\t\t<img fetchpriority=\"high\" decoding=\"async\" width=\"800\" height=\"534\" src=\"https:\/\/christofferbjorklund.com\/wp-content\/uploads\/2026\/04\/DJI_20260204173729_0646_D-1024x683.avif\" class=\"attachment-large size-large wp-image-10604\" alt=\"Dronekuva Vaasasta talvisessa ymp\u00e4rist\u00f6ss\u00e4\" srcset=\"https:\/\/christofferbjorklund.com\/wp-content\/uploads\/2026\/04\/DJI_20260204173729_0646_D-1024x683.avif 1024w, https:\/\/christofferbjorklund.com\/wp-content\/uploads\/2026\/04\/DJI_20260204173729_0646_D-300x200.avif 300w, https:\/\/christofferbjorklund.com\/wp-content\/uploads\/2026\/04\/DJI_20260204173729_0646_D-768x512.avif 768w, https:\/\/christofferbjorklund.com\/wp-content\/uploads\/2026\/04\/DJI_20260204173729_0646_D-1536x1024.avif 1536w, https:\/\/christofferbjorklund.com\/wp-content\/uploads\/2026\/04\/DJI_20260204173729_0646_D.avif 1920w\" sizes=\"(max-width: 800px) 100vw, 800px\" \/>\t\t\t\t\t\t\t\t\t\t\t\t\t\t\t<\/div>\n\t\t\t\t<\/div>\n\t\t<div class=\"elementor-element elementor-element-157bff2 e-con-full e-flex e-con e-child\" data-id=\"157bff2\" data-element_type=\"container\" data-e-type=\"container\" data-settings=\"{&quot;position&quot;:&quot;absolute&quot;}\">\n\t\t\t\t<div class=\"elementor-element elementor-element-cc3a005 elementor-widget elementor-widget-heading\" data-id=\"cc3a005\" data-element_type=\"widget\" data-e-type=\"widget\" data-widget_type=\"heading.default\">\n\t\t\t\t<div class=\"elementor-widget-container\">\n\t\t\t\t\t<p class=\"elementor-heading-title elementor-size-default\">Portfolio<\/p>\t\t\t\t<\/div>\n\t\t\t\t<\/div>\n\t\t\t\t<div class=\"elementor-element elementor-element-636e699 elementor-widget elementor-widget-heading\" data-id=\"636e699\" data-element_type=\"widget\" data-e-type=\"widget\" data-widget_type=\"heading.default\">\n\t\t\t\t<div class=\"elementor-widget-container\">\n\t\t\t\t\t<div class=\"elementor-heading-title elementor-size-default\">Valikoituja t\u00f6it\u00e4 valokuvauksen ja videon parissa<\/div>\t\t\t\t<\/div>\n\t\t\t\t<\/div>\n\t\t\t\t<div class=\"elementor-element elementor-element-c3ed23c elementor-widget elementor-widget-heading\" data-id=\"c3ed23c\" data-element_type=\"widget\" data-e-type=\"widget\" data-widget_type=\"heading.default\">\n\t\t\t\t<div class=\"elementor-widget-container\">\n\t\t\t\t\t<p class=\"elementor-heading-title elementor-size-default\">Valikoima t\u00f6it\u00e4 yrityskuvauksen, reportaasikuvauksen ja videon parista Vaasassa, Pohjanmaalla ja muualla Suomessa.<\/p>\t\t\t\t<\/div>\n\t\t\t\t<\/div>\n\t\t\t\t<\/div>\n\t\t\t\t<\/div>\n\t\t<div class=\"elementor-element elementor-element-97da6a9 e-con-full e-flex e-con e-parent\" data-id=\"97da6a9\" data-element_type=\"container\" data-e-type=\"container\" data-settings=\"{&quot;background_background&quot;:&quot;classic&quot;}\">\n\t\t<div class=\"elementor-element elementor-element-62a97e2 e-flex e-con-boxed e-con e-child\" data-id=\"62a97e2\" data-element_type=\"container\" data-e-type=\"container\">\n\t\t\t\t\t<div class=\"e-con-inner\">\n\t\t\t\t<div class=\"elementor-element elementor-element-18e0bf5 elementor-widget elementor-widget-heading\" data-id=\"18e0bf5\" data-element_type=\"widget\" data-e-type=\"widget\" id=\"foretag\" data-widget_type=\"heading.default\">\n\t\t\t\t<div class=\"elementor-widget-container\">\n\t\t\t\t\t<p class=\"elementor-heading-title elementor-size-default\">Yritysvalokuvaus<\/p>\t\t\t\t<\/div>\n\t\t\t\t<\/div>\n\t\t\t\t<div class=\"elementor-element elementor-element-e25ee97 elementor-widget elementor-widget-heading\" data-id=\"e25ee97\" data-element_type=\"widget\" data-e-type=\"widget\" data-widget_type=\"heading.default\">\n\t\t\t\t<div class=\"elementor-widget-container\">\n\t\t\t\t\t<h2 class=\"elementor-heading-title elementor-size-default\">Valikoituja t\u00f6it\u00e4 yrityksille ja organisaatioille<\/h2>\t\t\t\t<\/div>\n\t\t\t\t<\/div>\n\t\t\t\t<div class=\"elementor-element elementor-element-dfe1217 elementor-widget elementor-widget-text-editor\" data-id=\"dfe1217\" data-element_type=\"widget\" data-e-type=\"widget\" data-widget_type=\"text-editor.default\">\n\t\t\t\t<div class=\"elementor-widget-container\">\n\t\t\t\t\t\t\t\t\t<p>Ty\u00f6ymp\u00e4rist\u00f6j\u00e4, toimintaa esittelevi\u00e4 kuvia, muotokuvia, teollisuutta, logistiikkaa ja tuotteita yrityksille ja organisaatioille, jotka tarvitsevat ammattimaista kuvamateriaalia verkkosivuille, markkinointiin ja viestint\u00e4\u00e4n.<\/p>\t\t\t\t\t\t\t\t<\/div>\n\t\t\t\t<\/div>\n\t\t\t\t\t<\/div>\n\t\t\t\t<\/div>\n\t\t\t\t<\/div>\n\t\t<div class=\"elementor-element elementor-element-1f95e3d e-con-full e-flex e-con e-parent\" data-id=\"1f95e3d\" data-element_type=\"container\" data-e-type=\"container\">\n\t\t\t\t<\/div>\n\t\t<div class=\"elementor-element elementor-element-b228cf6 e-con-full e-flex e-con e-parent\" data-id=\"b228cf6\" data-element_type=\"container\" data-e-type=\"container\" id=\"reportage\" data-settings=\"{&quot;background_background&quot;:&quot;classic&quot;}\">\n\t\t<div class=\"elementor-element elementor-element-f27fb22 e-flex e-con-boxed e-con e-child\" data-id=\"f27fb22\" data-element_type=\"container\" data-e-type=\"container\">\n\t\t\t\t\t<div class=\"e-con-inner\">\n\t\t\t\t<div class=\"elementor-element elementor-element-6f64d04 elementor-widget elementor-widget-heading\" data-id=\"6f64d04\" data-element_type=\"widget\" data-e-type=\"widget\" data-widget_type=\"heading.default\">\n\t\t\t\t<div class=\"elementor-widget-container\">\n\t\t\t\t\t<p class=\"elementor-heading-title elementor-size-default\">Lehtikuvaus<\/p>\t\t\t\t<\/div>\n\t\t\t\t<\/div>\n\t\t\t\t<div class=\"elementor-element elementor-element-4b9d045 elementor-widget elementor-widget-heading\" data-id=\"4b9d045\" data-element_type=\"widget\" data-e-type=\"widget\" data-widget_type=\"heading.default\">\n\t\t\t\t<div class=\"elementor-widget-container\">\n\t\t\t\t\t<h2 class=\"elementor-heading-title elementor-size-default\">Kertovia kuvia oikeassa ymp\u00e4rist\u00f6ss\u00e4<\/h2>\t\t\t\t<\/div>\n\t\t\t\t<\/div>\n\t\t\t\t<div class=\"elementor-element elementor-element-0185017 elementor-widget elementor-widget-text-editor\" data-id=\"0185017\" data-element_type=\"widget\" data-e-type=\"widget\" data-widget_type=\"text-editor.default\">\n\t\t\t\t<div class=\"elementor-widget-container\">\n\t\t\t\t\t\t\t\t\t<p>Reportaasikuvia artikkeleihin, asiakaslehtiin, aikakauslehtiin ja organisaatioille, joissa ihmiset, ymp\u00e4rist\u00f6t ja tarinat ovat keski\u00f6ss\u00e4.<\/p>\t\t\t\t\t\t\t\t<\/div>\n\t\t\t\t<\/div>\n\t\t\t\t\t<\/div>\n\t\t\t\t<\/div>\n\t\t\t\t<\/div>\n\t\t<div class=\"elementor-element elementor-element-bbcd28f e-con-full e-flex e-con e-parent\" data-id=\"bbcd28f\" data-element_type=\"container\" data-e-type=\"container\">\n\t\t\t\t<\/div>\n\t\t<div class=\"elementor-element elementor-element-5a526a5 e-con-full e-flex e-con e-parent\" data-id=\"5a526a5\" data-element_type=\"container\" data-e-type=\"container\" data-settings=\"{&quot;background_background&quot;:&quot;classic&quot;}\">\n\t\t<div class=\"elementor-element elementor-element-41908d9 e-flex e-con-boxed e-con e-child\" data-id=\"41908d9\" data-element_type=\"container\" data-e-type=\"container\">\n\t\t\t\t\t<div class=\"e-con-inner\">\n\t\t\t\t<div class=\"elementor-element elementor-element-3a9c711 elementor-widget elementor-widget-heading\" data-id=\"3a9c711\" data-element_type=\"widget\" data-e-type=\"widget\" data-widget_type=\"heading.default\">\n\t\t\t\t<div class=\"elementor-widget-container\">\n\t\t\t\t\t<p class=\"elementor-heading-title elementor-size-default\">Video<\/p>\t\t\t\t<\/div>\n\t\t\t\t<\/div>\n\t\t\t\t<div class=\"elementor-element elementor-element-2b7ebcc elementor-widget elementor-widget-heading\" data-id=\"2b7ebcc\" data-element_type=\"widget\" data-e-type=\"widget\" data-widget_type=\"heading.default\">\n\t\t\t\t<div class=\"elementor-widget-container\">\n\t\t\t\t\t<h2 class=\"elementor-heading-title elementor-size-default\">Valikoituja videoprojekteja ja showreel<\/h2>\t\t\t\t<\/div>\n\t\t\t\t<\/div>\n\t\t\t\t<div class=\"elementor-element elementor-element-ffb590a elementor-widget elementor-widget-text-editor\" data-id=\"ffb590a\" data-element_type=\"widget\" data-e-type=\"widget\" data-widget_type=\"text-editor.default\">\n\t\t\t\t<div class=\"elementor-widget-container\">\n\t\t\t\t\t\t\t\t\t<p>Yritysvideoita, haastatteluja, tapahtumavideoita, referenssivideoita ja muuta liikkuvaa sis\u00e4lt\u00f6\u00e4 selke\u00e4ll\u00e4 viestill\u00e4 ja ammattimaisella ilmeell\u00e4.<\/p>\t\t\t\t\t\t\t\t<\/div>\n\t\t\t\t<\/div>\n\t\t\t\t\t<\/div>\n\t\t\t\t<\/div>\n\t\t\t\t<\/div>\n\t\t<div class=\"elementor-element elementor-element-3f42632 e-con-full e-flex e-con e-parent\" data-id=\"3f42632\" data-element_type=\"container\" data-e-type=\"container\">\n\t\t\t\t<div class=\"elementor-element elementor-element-83a0ecf elementor-widget elementor-widget-video\" data-id=\"83a0ecf\" data-element_type=\"widget\" data-e-type=\"widget\" data-settings=\"{&quot;video_type&quot;:&quot;vimeo&quot;,&quot;loop&quot;:&quot;yes&quot;,&quot;yt_privacy&quot;:&quot;yes&quot;}\" data-widget_type=\"video.default\">\n\t\t\t\t<div class=\"elementor-widget-container\">\n\t\t\t\t\t\t\t<div class=\"elementor-wrapper elementor-open-inline\">\n\t\t\t<iframe class=\"elementor-video-iframe lazyload\" allowfullscreen allow=\"clipboard-write\" title=\"vimeo Video Player\" data-src=\"https:\/\/player.vimeo.com\/video\/1187053925?color&amp;autopause=0&amp;dnt=true&amp;loop=1&amp;muted=0&amp;title=0&amp;portrait=0&amp;byline=0#t=\" src=\"data:image\/svg+xml;base64,PHN2ZyB3aWR0aD0iMSIgaGVpZ2h0PSIxIiB4bWxucz0iaHR0cDovL3d3dy53My5vcmcvMjAwMC9zdmciPjwvc3ZnPg==\" data-load-mode=\"1\"><\/iframe>\t\t<\/div>\n\t\t\t\t\t\t<\/div>\n\t\t\t\t<\/div>\n\t\t\t\t<\/div>\n\t\t<div class=\"elementor-element elementor-element-ab94acc e-flex e-con-boxed e-con e-parent\" data-id=\"ab94acc\" data-element_type=\"container\" data-e-type=\"container\">\n\t\t\t\t\t<div class=\"e-con-inner\">\n\t\t<div class=\"elementor-element elementor-element-df69080 e-con-full e-flex e-con e-child\" data-id=\"df69080\" data-element_type=\"container\" data-e-type=\"container\" data-settings=\"{&quot;background_background&quot;:&quot;classic&quot;}\">\n\t\t\t\t<div class=\"elementor-element elementor-element-9296b0e elementor-widget elementor-widget-image\" data-id=\"9296b0e\" data-element_type=\"widget\" data-e-type=\"widget\" data-widget_type=\"image.default\">\n\t\t\t\t<div class=\"elementor-widget-container\">\n\t\t\t\t\t\t\t\t\t\t\t\t\t\t\t<img decoding=\"async\" width=\"768\" height=\"512\" data-src=\"https:\/\/christofferbjorklund.com\/wp-content\/uploads\/2025\/12\/0X3A1958-768x512.webp\" class=\"attachment-medium_large size-medium_large wp-image-8974 lazyload\" alt=\"Laivan liput sinist\u00e4 taivasta vasten\" data-srcset=\"https:\/\/christofferbjorklund.com\/wp-content\/uploads\/2025\/12\/0X3A1958-768x512.webp 768w, https:\/\/christofferbjorklund.com\/wp-content\/uploads\/2025\/12\/0X3A1958-300x200.webp 300w, https:\/\/christofferbjorklund.com\/wp-content\/uploads\/2025\/12\/0X3A1958-1024x683.webp 1024w, https:\/\/christofferbjorklund.com\/wp-content\/uploads\/2025\/12\/0X3A1958.webp 1200w\" data-sizes=\"(max-width: 768px) 100vw, 768px\" src=\"data:image\/svg+xml;base64,PHN2ZyB3aWR0aD0iMSIgaGVpZ2h0PSIxIiB4bWxucz0iaHR0cDovL3d3dy53My5vcmcvMjAwMC9zdmciPjwvc3ZnPg==\" style=\"--smush-placeholder-width: 768px; --smush-placeholder-aspect-ratio: 768\/512;\" \/>\t\t\t\t\t\t\t\t\t\t\t\t\t\t\t<\/div>\n\t\t\t\t<\/div>\n\t\t\t\t<\/div>\n\t\t<div class=\"elementor-element elementor-element-b3c4981 e-con-full e-flex e-con e-child\" data-id=\"b3c4981\" data-element_type=\"container\" data-e-type=\"container\">\n\t\t\t\t<div class=\"elementor-element elementor-element-915bc5f elementor-widget elementor-widget-text-editor\" data-id=\"915bc5f\" data-element_type=\"widget\" data-e-type=\"widget\" data-widget_type=\"text-editor.default\">\n\t\t\t\t<div class=\"elementor-widget-container\">\n\t\t\t\t\t\t\t\t\t<p class=\"p1\">Ota yhteytt\u00e4<\/p>\t\t\t\t\t\t\t\t<\/div>\n\t\t\t\t<\/div>\n\t\t\t\t<div class=\"elementor-element elementor-element-ed47fb1 elementor-widget elementor-widget-heading\" data-id=\"ed47fb1\" data-element_type=\"widget\" data-e-type=\"widget\" data-widget_type=\"heading.default\">\n\t\t\t\t<div class=\"elementor-widget-container\">\n\t\t\t\t\t<h2 class=\"elementor-heading-title elementor-size-default\">Tarvitsetteko valokuvaa tai videota toimintaanne?<\/h2>\t\t\t\t<\/div>\n\t\t\t\t<\/div>\n\t\t\t\t<div class=\"elementor-element elementor-element-4740c8b elementor-widget elementor-widget-text-editor\" data-id=\"4740c8b\" data-element_type=\"widget\" data-e-type=\"widget\" data-widget_type=\"text-editor.default\">\n\t\t\t\t<div class=\"elementor-widget-container\">\n\t\t\t\t\t\t\t\t\t<p>Ottakaa mielell\u00e4\u00e4n yhteytt\u00e4, jos haluatte keskustella toimeksiannosta, pyyt\u00e4\u00e4 tarjouksen tai suunnitella, mik\u00e4 toteutus sopii parhaiten yrityksellenne tai organisaatiollenne.<\/p>\t\t\t\t\t\t\t\t<\/div>\n\t\t\t\t<\/div>\n\t\t<div class=\"elementor-element elementor-element-e3b806e e-con-full e-flex e-con e-child\" data-id=\"e3b806e\" data-element_type=\"container\" data-e-type=\"container\">\n\t\t\t\t<div class=\"elementor-element elementor-element-8642fae elementor-align-left elementor-widget elementor-widget-button\" data-id=\"8642fae\" data-element_type=\"widget\" data-e-type=\"widget\" data-widget_type=\"button.default\">\n\t\t\t\t<div class=\"elementor-widget-container\">\n\t\t\t\t\t\t\t\t\t<div class=\"elementor-button-wrapper\">\n\t\t\t\t\t<a class=\"elementor-button elementor-button-link elementor-size-sm\" href=\"https:\/\/christofferbjorklund.com\/fi\/yhteystiedot-valokuvaaja-vaasa\/\">\n\t\t\t\t\t\t<span class=\"elementor-button-content-wrapper\">\n\t\t\t\t\t\t\t\t\t<span class=\"elementor-button-text\">Ota yhteytt\u00e4 \u2192<\/span>\n\t\t\t\t\t<\/span>\n\t\t\t\t\t<\/a>\n\t\t\t\t<\/div>\n\t\t\t\t\t\t\t\t<\/div>\n\t\t\t\t<\/div>\n\t\t\t\t<\/div>\n\t\t\t\t<\/div>\n\t\t\t\t\t<\/div>\n\t\t\t\t<\/div>\n\t\t\t\t<\/div>\n\t\t","protected":false},"excerpt":{"rendered":"<p>Portfolio Valikoituja t\u00f6it\u00e4 valokuvauksen ja videon parissa Valikoima t\u00f6it\u00e4 yrityskuvauksen, reportaasikuvauksen ja videon parista Vaasassa, Pohjanmaalla ja muualla Suomessa. Portfolio Valikoituja t\u00f6it\u00e4 valokuvauksen ja videon parissa Valikoima t\u00f6it\u00e4 yrityskuvauksen, reportaasikuvauksen ja videon parista Vaasassa, Pohjanmaalla ja muualla Suomessa. Yritysvalokuvaus Valikoituja t\u00f6it\u00e4 yrityksille ja organisaatioille Ty\u00f6ymp\u00e4rist\u00f6j\u00e4, toimintaa esittelevi\u00e4 kuvia, muotokuvia, teollisuutta, logistiikkaa ja tuotteita yrityksille ja [&hellip;]<\/p>\n","protected":false},"author":1,"featured_media":4814,"parent":0,"menu_order":0,"comment_status":"closed","ping_status":"closed","template":"","meta":{"footnotes":""},"class_list":["post-2499","page","type-page","status-publish","has-post-thumbnail","hentry"],"_links":{"self":[{"href":"https:\/\/christofferbjorklund.com\/fi\/wp-json\/wp\/v2\/pages\/2499","targetHints":{"allow":["GET"]}}],"collection":[{"href":"https:\/\/christofferbjorklund.com\/fi\/wp-json\/wp\/v2\/pages"}],"about":[{"href":"https:\/\/christofferbjorklund.com\/fi\/wp-json\/wp\/v2\/types\/page"}],"author":[{"embeddable":true,"href":"https:\/\/christofferbjorklund.com\/fi\/wp-json\/wp\/v2\/users\/1"}],"replies":[{"embeddable":true,"href":"https:\/\/christofferbjorklund.com\/fi\/wp-json\/wp\/v2\/comments?post=2499"}],"version-history":[{"count":0,"href":"https:\/\/christofferbjorklund.com\/fi\/wp-json\/wp\/v2\/pages\/2499\/revisions"}],"wp:featuredmedia":[{"embeddable":true,"href":"https:\/\/christofferbjorklund.com\/fi\/wp-json\/wp\/v2\/media\/4814"}],"wp:attachment":[{"href":"https:\/\/christofferbjorklund.com\/fi\/wp-json\/wp\/v2\/media?parent=2499"}],"curies":[{"name":"wp","href":"https:\/\/api.w.org\/{rel}","templated":true}]}}