{"id":2643,"date":"2024-01-02T17:51:04","date_gmt":"2024-01-02T15:51:04","guid":{"rendered":"https:\/\/christofferbjorklund.com\/mita-teen\/"},"modified":"2026-05-03T19:10:13","modified_gmt":"2026-05-03T16:10:13","slug":"valokuvaus-ja-videopalvelut-vaasassa-yrityksille-ja-organisaatioille","status":"publish","type":"page","link":"https:\/\/christofferbjorklund.com\/fi\/valokuvaus-ja-videopalvelut-vaasassa-yrityksille-ja-organisaatioille\/","title":{"rendered":"Valokuvaus- ja videopalvelut Vaasassa yrityksille ja organisaatioille"},"content":{"rendered":"\t\t<div data-elementor-type=\"wp-page\" data-elementor-id=\"2643\" class=\"elementor elementor-2643 elementor-958\" data-elementor-post-type=\"page\">\n\t\t\t\t<div class=\"elementor-element elementor-element-76f1ba2 e-con-full elementor-hidden-mobile e-flex e-con e-parent\" data-id=\"76f1ba2\" data-element_type=\"container\" data-e-type=\"container\" data-settings=\"{&quot;background_background&quot;:&quot;classic&quot;}\">\n\t\t\t\t<div class=\"elementor-element elementor-element-bfd2607 elementor-widget elementor-widget-text-editor\" data-id=\"bfd2607\" data-element_type=\"widget\" data-e-type=\"widget\" data-widget_type=\"text-editor.default\">\n\t\t\t\t<div class=\"elementor-widget-container\">\n\t\t\t\t\t\t\t\t\t<p>Palvelut<\/p>\t\t\t\t\t\t\t\t<\/div>\n\t\t\t\t<\/div>\n\t\t\t\t<div class=\"elementor-element elementor-element-238a18d elementor-widget elementor-widget-heading\" data-id=\"238a18d\" data-element_type=\"widget\" data-e-type=\"widget\" data-widget_type=\"heading.default\">\n\t\t\t\t<div class=\"elementor-widget-container\">\n\t\t\t\t\t<h1 class=\"elementor-heading-title elementor-size-default\">Valokuvia ja videota yrityksille Vaasassa ja Pohjanmaalla<\/h1>\t\t\t\t<\/div>\n\t\t\t\t<\/div>\n\t\t\t\t<div class=\"elementor-element elementor-element-c3f73d0 elementor-widget elementor-widget-heading\" data-id=\"c3f73d0\" data-element_type=\"widget\" data-e-type=\"widget\" data-widget_type=\"heading.default\">\n\t\t\t\t<div class=\"elementor-widget-container\">\n\t\t\t\t\t<p class=\"elementor-heading-title elementor-size-default\">Autan yrityksi\u00e4 ja organisaatioita yrityskuvauksessa, reportaasikuvauksessa ja videotuotannossa markkinointiin, viestint\u00e4\u00e4n ja toimitukselliseen sis\u00e4lt\u00f6\u00f6n.<\/p>\t\t\t\t<\/div>\n\t\t\t\t<\/div>\n\t\t\t\t<\/div>\n\t\t<div class=\"elementor-element elementor-element-824355e e-con-full elementor-hidden-desktop elementor-hidden-tablet e-flex e-con e-parent\" data-id=\"824355e\" data-element_type=\"container\" data-e-type=\"container\">\n\t\t\t\t<div class=\"elementor-element elementor-element-bb6f551 hero-no-lazy elementor-widget elementor-widget-image\" data-id=\"bb6f551\" data-element_type=\"widget\" data-e-type=\"widget\" data-widget_type=\"image.default\">\n\t\t\t\t<div class=\"elementor-widget-container\">\n\t\t\t\t\t\t\t\t\t\t\t\t\t\t\t<img fetchpriority=\"high\" decoding=\"async\" width=\"800\" height=\"500\" src=\"https:\/\/christofferbjorklund.com\/wp-content\/uploads\/2026\/03\/0S4A9051-1024x640.webp\" class=\"attachment-large size-large wp-image-10567\" alt=\"Teollisuusymp\u00e4rist\u00f6, jossa suuri tekninen rakenne\" srcset=\"https:\/\/christofferbjorklund.com\/wp-content\/uploads\/2026\/03\/0S4A9051-1024x640.webp 1024w, https:\/\/christofferbjorklund.com\/wp-content\/uploads\/2026\/03\/0S4A9051-300x188.webp 300w, https:\/\/christofferbjorklund.com\/wp-content\/uploads\/2026\/03\/0S4A9051-768x480.webp 768w, https:\/\/christofferbjorklund.com\/wp-content\/uploads\/2026\/03\/0S4A9051-1536x960.webp 1536w, https:\/\/christofferbjorklund.com\/wp-content\/uploads\/2026\/03\/0S4A9051.webp 1920w\" sizes=\"(max-width: 800px) 100vw, 800px\" \/>\t\t\t\t\t\t\t\t\t\t\t\t\t\t\t<\/div>\n\t\t\t\t<\/div>\n\t\t<div class=\"elementor-element elementor-element-47892f9 e-con-full e-flex e-con e-child\" data-id=\"47892f9\" data-element_type=\"container\" data-e-type=\"container\" data-settings=\"{&quot;position&quot;:&quot;absolute&quot;}\">\n\t\t\t\t<div class=\"elementor-element elementor-element-cfc8ce9 elementor-widget elementor-widget-text-editor\" data-id=\"cfc8ce9\" data-element_type=\"widget\" data-e-type=\"widget\" data-widget_type=\"text-editor.default\">\n\t\t\t\t<div class=\"elementor-widget-container\">\n\t\t\t\t\t\t\t\t\t<p>Palvelut<\/p>\t\t\t\t\t\t\t\t<\/div>\n\t\t\t\t<\/div>\n\t\t\t\t<div class=\"elementor-element elementor-element-f25fb12 elementor-widget elementor-widget-heading\" data-id=\"f25fb12\" data-element_type=\"widget\" data-e-type=\"widget\" data-widget_type=\"heading.default\">\n\t\t\t\t<div class=\"elementor-widget-container\">\n\t\t\t\t\t<div class=\"elementor-heading-title elementor-size-default\">Valokuvia ja videota yrityksille Vaasassa ja Pohjanmaalla<\/div>\t\t\t\t<\/div>\n\t\t\t\t<\/div>\n\t\t\t\t<div class=\"elementor-element elementor-element-19070fc elementor-widget elementor-widget-heading\" data-id=\"19070fc\" data-element_type=\"widget\" data-e-type=\"widget\" data-widget_type=\"heading.default\">\n\t\t\t\t<div class=\"elementor-widget-container\">\n\t\t\t\t\t<p class=\"elementor-heading-title elementor-size-default\">Autan yrityksi\u00e4 ja organisaatioita yrityskuvauksessa, reportaasikuvauksessa ja videotuotannossa markkinointiin, viestint\u00e4\u00e4n ja toimitukselliseen sis\u00e4lt\u00f6\u00f6n.<\/p>\t\t\t\t<\/div>\n\t\t\t\t<\/div>\n\t\t\t\t<\/div>\n\t\t\t\t<\/div>\n\t\t<div class=\"elementor-element elementor-element-e9570c9 e-con-full e-flex e-con e-parent\" data-id=\"e9570c9\" data-element_type=\"container\" data-e-type=\"container\">\n\t\t\t\t<div class=\"elementor-element elementor-element-1976f63 elementor-widget elementor-widget-text-editor\" data-id=\"1976f63\" data-element_type=\"widget\" data-e-type=\"widget\" data-widget_type=\"text-editor.default\">\n\t\t\t\t<div class=\"elementor-widget-container\">\n\t\t\t\t\t\t\t\t\t<p class=\"p1\">Palvelualueet<\/p>\t\t\t\t\t\t\t\t<\/div>\n\t\t\t\t<\/div>\n\t\t\t\t<div class=\"elementor-element elementor-element-1a654f0 elementor-widget elementor-widget-heading\" data-id=\"1a654f0\" data-element_type=\"widget\" data-e-type=\"widget\" data-widget_type=\"heading.default\">\n\t\t\t\t<div class=\"elementor-widget-container\">\n\t\t\t\t\t<h2 class=\"elementor-heading-title elementor-size-default\">Palveluja yrityksille ja organisaatioille<\/h2>\t\t\t\t<\/div>\n\t\t\t\t<\/div>\n\t\t\t\t<div class=\"elementor-element elementor-element-23e8d39 elementor-widget elementor-widget-text-editor\" data-id=\"23e8d39\" data-element_type=\"widget\" data-e-type=\"widget\" data-widget_type=\"text-editor.default\">\n\t\t\t\t<div class=\"elementor-widget-container\">\n\t\t\t\t\t\t\t\t\t<p class=\"p1\">T\u00e4\u00e4lt\u00e4 l\u00f6yd\u00e4tte kolme p\u00e4\u00e4asiallista palvelualuettani. Jokainen toimeksianto suunnitellaan tarpeidenne, kohderyhm\u00e4nne ja sen mukaan, miten materiaalia k\u00e4ytet\u00e4\u00e4n k\u00e4yt\u00e4nn\u00f6ss\u00e4. <\/p>\t\t\t\t\t\t\t\t<\/div>\n\t\t\t\t<\/div>\n\t\t\t\t<\/div>\n\t\t<div class=\"elementor-element elementor-element-9050284 e-flex e-con-boxed e-con e-parent\" data-id=\"9050284\" data-element_type=\"container\" data-e-type=\"container\" data-settings=\"{&quot;background_background&quot;:&quot;classic&quot;}\">\n\t\t\t\t\t<div class=\"e-con-inner\">\n\t\t\t\t<div class=\"elementor-element elementor-element-8a573bb elementor-widget__width-initial elementor-widget-tablet__width-inherit elementor-widget elementor-widget-image\" data-id=\"8a573bb\" data-element_type=\"widget\" data-e-type=\"widget\" data-widget_type=\"image.default\">\n\t\t\t\t<div class=\"elementor-widget-container\">\n\t\t\t\t\t\t\t\t\t\t\t\t\t\t\t<img decoding=\"async\" width=\"800\" height=\"534\" data-src=\"https:\/\/christofferbjorklund.com\/wp-content\/uploads\/2024\/01\/0S4A8209-1024x683.jpg\" class=\"attachment-large size-large wp-image-2322 lazyload\" alt=\"Henkil\u00f6 ty\u00f6skentelem\u00e4ss\u00e4 teknisen laitteiston parissa yritysymp\u00e4rist\u00f6ss\u00e4\" data-srcset=\"https:\/\/christofferbjorklund.com\/wp-content\/uploads\/2024\/01\/0S4A8209-1024x683.jpg 1024w, https:\/\/christofferbjorklund.com\/wp-content\/uploads\/2024\/01\/0S4A8209-300x200.jpg 300w, https:\/\/christofferbjorklund.com\/wp-content\/uploads\/2024\/01\/0S4A8209-768x512.jpg 768w, https:\/\/christofferbjorklund.com\/wp-content\/uploads\/2024\/01\/0S4A8209.jpg 1200w\" data-sizes=\"(max-width: 800px) 100vw, 800px\" src=\"data:image\/svg+xml;base64,PHN2ZyB3aWR0aD0iMSIgaGVpZ2h0PSIxIiB4bWxucz0iaHR0cDovL3d3dy53My5vcmcvMjAwMC9zdmciPjwvc3ZnPg==\" style=\"--smush-placeholder-width: 800px; --smush-placeholder-aspect-ratio: 800\/534;\" \/>\t\t\t\t\t\t\t\t\t\t\t\t\t\t\t<\/div>\n\t\t\t\t<\/div>\n\t\t<div class=\"elementor-element elementor-element-db7aa7e e-con-full e-flex e-con e-child\" data-id=\"db7aa7e\" data-element_type=\"container\" data-e-type=\"container\">\n\t\t\t\t<div class=\"elementor-element elementor-element-a77d145 elementor-widget elementor-widget-heading\" data-id=\"a77d145\" data-element_type=\"widget\" data-e-type=\"widget\" data-widget_type=\"heading.default\">\n\t\t\t\t<div class=\"elementor-widget-container\">\n\t\t\t\t\t<h3 class=\"elementor-heading-title elementor-size-default\">Yritysvalokuvaus<\/h3>\t\t\t\t<\/div>\n\t\t\t\t<\/div>\n\t\t\t\t<div class=\"elementor-element elementor-element-a83c793 elementor-widget elementor-widget-text-editor\" data-id=\"a83c793\" data-element_type=\"widget\" data-e-type=\"widget\" data-widget_type=\"text-editor.default\">\n\t\t\t\t<div class=\"elementor-widget-container\">\n\t\t\t\t\t\t\t\t\t<p class=\"p1\">Kuvia henkil\u00f6st\u00f6st\u00e4, ty\u00f6ymp\u00e4rist\u00f6st\u00e4, toiminnasta, teollisuudesta, logistiikasta ja tuotteista yrityksille ja organisaatioille, jotka tarvitsevat ammattimaista materiaalia verkkosivuille, markkinointiin ja viestint\u00e4\u00e4n.<\/p><p class=\"p1\"><b>Esimerkkej\u00e4 yrityskuvauksesta<\/b><b><\/b><\/p><ul><li class=\"p1\">Henkil\u00f6kuvat<\/li><li class=\"p1\">Ty\u00f6ymp\u00e4rist\u00f6kuvat<\/li><li class=\"p1\">Teollisuuskuvaus<\/li><li class=\"p1\">Tuotekuvaus<\/li><li class=\"p1\">Yritystapahtumat<\/li><li class=\"p1\">Dronekuvat<\/li><\/ul>\t\t\t\t\t\t\t\t<\/div>\n\t\t\t\t<\/div>\n\t\t\t\t<div class=\"elementor-element elementor-element-2a0e4cf elementor-align-left elementor-widget elementor-widget-button\" data-id=\"2a0e4cf\" data-element_type=\"widget\" data-e-type=\"widget\" data-widget_type=\"button.default\">\n\t\t\t\t<div class=\"elementor-widget-container\">\n\t\t\t\t\t\t\t\t\t<div class=\"elementor-button-wrapper\">\n\t\t\t\t\t<a class=\"elementor-button elementor-button-link elementor-size-sm\" href=\"https:\/\/christofferbjorklund.com\/fi\/yritysvalokuvaus-vaasassa\/\">\n\t\t\t\t\t\t<span class=\"elementor-button-content-wrapper\">\n\t\t\t\t\t\t\t\t\t<span class=\"elementor-button-text\">Lue lis\u00e4\u00e4 yrityskuvauksesta<\/span>\n\t\t\t\t\t<\/span>\n\t\t\t\t\t<\/a>\n\t\t\t\t<\/div>\n\t\t\t\t\t\t\t\t<\/div>\n\t\t\t\t<\/div>\n\t\t\t\t<\/div>\n\t\t\t\t\t<\/div>\n\t\t\t\t<\/div>\n\t\t<div class=\"elementor-element elementor-element-83a8338 e-flex e-con-boxed e-con e-parent\" data-id=\"83a8338\" data-element_type=\"container\" data-e-type=\"container\" data-settings=\"{&quot;background_background&quot;:&quot;classic&quot;}\">\n\t\t\t\t\t<div class=\"e-con-inner\">\n\t\t\t\t<div class=\"elementor-element elementor-element-e02ab32 elementor-widget__width-initial elementor-widget-tablet__width-inherit elementor-widget elementor-widget-image\" data-id=\"e02ab32\" data-element_type=\"widget\" data-e-type=\"widget\" data-widget_type=\"image.default\">\n\t\t\t\t<div class=\"elementor-widget-container\">\n\t\t\t\t\t\t\t\t\t\t\t\t\t\t\t<img decoding=\"async\" width=\"800\" height=\"534\" data-src=\"https:\/\/christofferbjorklund.com\/wp-content\/uploads\/2025\/01\/0K0A2534-1024x683.webp\" class=\"attachment-large size-large wp-image-4607 lazyload\" alt=\"Kaksi henkil\u00f6\u00e4 kuvattuna tapahtumassa reportaasitoimeksiannossa\" data-srcset=\"https:\/\/christofferbjorklund.com\/wp-content\/uploads\/2025\/01\/0K0A2534-1024x683.webp 1024w, https:\/\/christofferbjorklund.com\/wp-content\/uploads\/2025\/01\/0K0A2534-300x200.webp 300w, https:\/\/christofferbjorklund.com\/wp-content\/uploads\/2025\/01\/0K0A2534-768x512.webp 768w, https:\/\/christofferbjorklund.com\/wp-content\/uploads\/2025\/01\/0K0A2534.webp 1200w\" data-sizes=\"(max-width: 800px) 100vw, 800px\" src=\"data:image\/svg+xml;base64,PHN2ZyB3aWR0aD0iMSIgaGVpZ2h0PSIxIiB4bWxucz0iaHR0cDovL3d3dy53My5vcmcvMjAwMC9zdmciPjwvc3ZnPg==\" style=\"--smush-placeholder-width: 800px; --smush-placeholder-aspect-ratio: 800\/534;\" \/>\t\t\t\t\t\t\t\t\t\t\t\t\t\t\t<\/div>\n\t\t\t\t<\/div>\n\t\t<div class=\"elementor-element elementor-element-56c2afe e-con-full e-flex e-con e-child\" data-id=\"56c2afe\" data-element_type=\"container\" data-e-type=\"container\">\n\t\t\t\t<div class=\"elementor-element elementor-element-5a7f902 elementor-widget elementor-widget-heading\" data-id=\"5a7f902\" data-element_type=\"widget\" data-e-type=\"widget\" data-widget_type=\"heading.default\">\n\t\t\t\t<div class=\"elementor-widget-container\">\n\t\t\t\t\t<h3 class=\"elementor-heading-title elementor-size-default\">Lehtikuvaus<\/h3>\t\t\t\t<\/div>\n\t\t\t\t<\/div>\n\t\t\t\t<div class=\"elementor-element elementor-element-00e2f38 elementor-widget elementor-widget-text-editor\" data-id=\"00e2f38\" data-element_type=\"widget\" data-e-type=\"widget\" data-widget_type=\"text-editor.default\">\n\t\t\t\t<div class=\"elementor-widget-container\">\n\t\t\t\t\t\t\t\t\t<p class=\"p1\">Reportaasikuvia ja toimituksellista visuaalista sis\u00e4lt\u00f6\u00e4 painettuihin julkaisuihin, verkkolehtiin, asiakaslehtiin ja aikakauslehtiin.<\/p><p class=\"p1\"><b>Esimerkkej\u00e4 reportaasikuvauksesta<\/b><b><\/b><\/p><ul><li class=\"p1\">Reportaasitoimeksiannot<\/li><li class=\"p1\">Ymp\u00e4rist\u00f6muotokuvat<\/li><li class=\"p1\">Asiakaslehdet<\/li><li class=\"p1\">Aikakauslehdet ja verkkojulkaisut<\/li><li class=\"p1\">Organisaatiot ja julkinen toiminta<\/li><\/ul>\t\t\t\t\t\t\t\t<\/div>\n\t\t\t\t<\/div>\n\t\t\t\t<div class=\"elementor-element elementor-element-95ddef4 elementor-align-left elementor-widget elementor-widget-button\" data-id=\"95ddef4\" data-element_type=\"widget\" data-e-type=\"widget\" data-widget_type=\"button.default\">\n\t\t\t\t<div class=\"elementor-widget-container\">\n\t\t\t\t\t\t\t\t\t<div class=\"elementor-button-wrapper\">\n\t\t\t\t\t<a class=\"elementor-button elementor-button-link elementor-size-sm\" href=\"https:\/\/christofferbjorklund.com\/fi\/lehtikuvaaja-vaasa\/\">\n\t\t\t\t\t\t<span class=\"elementor-button-content-wrapper\">\n\t\t\t\t\t\t\t\t\t<span class=\"elementor-button-text\">Lue lis\u00e4\u00e4 \u2192<\/span>\n\t\t\t\t\t<\/span>\n\t\t\t\t\t<\/a>\n\t\t\t\t<\/div>\n\t\t\t\t\t\t\t\t<\/div>\n\t\t\t\t<\/div>\n\t\t\t\t<\/div>\n\t\t\t\t\t<\/div>\n\t\t\t\t<\/div>\n\t\t<div class=\"elementor-element elementor-element-d99593c e-flex e-con-boxed e-con e-parent\" data-id=\"d99593c\" data-element_type=\"container\" data-e-type=\"container\" data-settings=\"{&quot;background_background&quot;:&quot;classic&quot;}\">\n\t\t\t\t\t<div class=\"e-con-inner\">\n\t\t\t\t<div class=\"elementor-element elementor-element-1d84595 elementor-widget__width-initial elementor-widget-tablet__width-inherit elementor-widget elementor-widget-image\" data-id=\"1d84595\" data-element_type=\"widget\" data-e-type=\"widget\" data-widget_type=\"image.default\">\n\t\t\t\t<div class=\"elementor-widget-container\">\n\t\t\t\t\t\t\t\t\t\t\t\t\t\t\t<img decoding=\"async\" width=\"800\" height=\"534\" data-src=\"https:\/\/christofferbjorklund.com\/wp-content\/uploads\/2025\/09\/0S4A5569-1024x683.webp\" class=\"attachment-large size-large wp-image-6676 lazyload\" alt=\"Kamerakalustoa videotuotantoon studiomainen ymp\u00e4rist\u00f6\" data-srcset=\"https:\/\/christofferbjorklund.com\/wp-content\/uploads\/2025\/09\/0S4A5569-1024x683.webp 1024w, https:\/\/christofferbjorklund.com\/wp-content\/uploads\/2025\/09\/0S4A5569-300x200.webp 300w, https:\/\/christofferbjorklund.com\/wp-content\/uploads\/2025\/09\/0S4A5569-768x512.webp 768w, https:\/\/christofferbjorklund.com\/wp-content\/uploads\/2025\/09\/0S4A5569.webp 1200w\" data-sizes=\"(max-width: 800px) 100vw, 800px\" src=\"data:image\/svg+xml;base64,PHN2ZyB3aWR0aD0iMSIgaGVpZ2h0PSIxIiB4bWxucz0iaHR0cDovL3d3dy53My5vcmcvMjAwMC9zdmciPjwvc3ZnPg==\" style=\"--smush-placeholder-width: 800px; --smush-placeholder-aspect-ratio: 800\/534;\" \/>\t\t\t\t\t\t\t\t\t\t\t\t\t\t\t<\/div>\n\t\t\t\t<\/div>\n\t\t<div class=\"elementor-element elementor-element-1ea5286 e-con-full e-flex e-con e-child\" data-id=\"1ea5286\" data-element_type=\"container\" data-e-type=\"container\">\n\t\t\t\t<div class=\"elementor-element elementor-element-d6414de elementor-widget elementor-widget-heading\" data-id=\"d6414de\" data-element_type=\"widget\" data-e-type=\"widget\" data-widget_type=\"heading.default\">\n\t\t\t\t<div class=\"elementor-widget-container\">\n\t\t\t\t\t<h3 class=\"elementor-heading-title elementor-size-default\">Video<\/h3>\t\t\t\t<\/div>\n\t\t\t\t<\/div>\n\t\t\t\t<div class=\"elementor-element elementor-element-e8a55bc elementor-widget elementor-widget-text-editor\" data-id=\"e8a55bc\" data-element_type=\"widget\" data-e-type=\"widget\" data-widget_type=\"text-editor.default\">\n\t\t\t\t<div class=\"elementor-widget-container\">\n\t\t\t\t\t\t\t\t\t<p class=\"p1\">Yritysvideoita, tapahtumavideoita, referenssivideoita ja muuta liikkuvaa sis\u00e4lt\u00f6\u00e4 verkkosivuille, sosiaaliseen mediaan ja viestint\u00e4\u00e4n.<\/p><p class=\"p1\"><b>Esimerkkej\u00e4 videotuotannosta<\/b><b><\/b><\/p><ul><li class=\"p1\">Yritysvideo<\/li><li class=\"p1\">Referenssivideo<\/li><li class=\"p1\">Tapahtumavideo<\/li><li class=\"p1\">Sis\u00e4lt\u00f6 sosiaaliseen mediaan<\/li><li class=\"p1\">Dronevideot<\/li><li class=\"p1\">Kevyt striimaus tarvittaessa<\/li><\/ul>\t\t\t\t\t\t\t\t<\/div>\n\t\t\t\t<\/div>\n\t\t\t\t<div class=\"elementor-element elementor-element-23e6662 elementor-align-left elementor-widget elementor-widget-button\" data-id=\"23e6662\" data-element_type=\"widget\" data-e-type=\"widget\" data-widget_type=\"button.default\">\n\t\t\t\t<div class=\"elementor-widget-container\">\n\t\t\t\t\t\t\t\t\t<div class=\"elementor-button-wrapper\">\n\t\t\t\t\t<a class=\"elementor-button elementor-button-link elementor-size-sm\" href=\"https:\/\/christofferbjorklund.com\/fi\/videotuotanto-vaasassa\/\">\n\t\t\t\t\t\t<span class=\"elementor-button-content-wrapper\">\n\t\t\t\t\t\t\t\t\t<span class=\"elementor-button-text\">Lue lis\u00e4\u00e4 \u2192<\/span>\n\t\t\t\t\t<\/span>\n\t\t\t\t\t<\/a>\n\t\t\t\t<\/div>\n\t\t\t\t\t\t\t\t<\/div>\n\t\t\t\t<\/div>\n\t\t\t\t<\/div>\n\t\t\t\t\t<\/div>\n\t\t\t\t<\/div>\n\t\t<div class=\"elementor-element elementor-element-70a31da e-con-full e-flex e-con e-parent\" data-id=\"70a31da\" data-element_type=\"container\" data-e-type=\"container\">\n\t\t\t\t<div class=\"elementor-element elementor-element-11421d5 elementor-widget elementor-widget-text-editor\" data-id=\"11421d5\" data-element_type=\"widget\" data-e-type=\"widget\" data-widget_type=\"text-editor.default\">\n\t\t\t\t<div class=\"elementor-widget-container\">\n\t\t\t\t\t\t\t\t\t<p class=\"p1\">Toteutus ja k\u00e4ytt\u00f6<\/p>\t\t\t\t\t\t\t\t<\/div>\n\t\t\t\t<\/div>\n\t\t\t\t<div class=\"elementor-element elementor-element-6f70251 elementor-widget elementor-widget-heading\" data-id=\"6f70251\" data-element_type=\"widget\" data-e-type=\"widget\" data-widget_type=\"heading.default\">\n\t\t\t\t<div class=\"elementor-widget-container\">\n\t\t\t\t\t<h2 class=\"elementor-heading-title elementor-size-default\">Palvelut mukautetaan toimeksiannon mukaan<\/h2>\t\t\t\t<\/div>\n\t\t\t\t<\/div>\n\t\t\t\t<div class=\"elementor-element elementor-element-9322c28 elementor-widget elementor-widget-text-editor\" data-id=\"9322c28\" data-element_type=\"widget\" data-e-type=\"widget\" data-widget_type=\"text-editor.default\">\n\t\t\t\t<div class=\"elementor-widget-container\">\n\t\t\t\t\t\t\t\t\t<p class=\"p1\">Osa toimeksiannoista on selke\u00e4sti rajattuja, kun taas toisissa yhdistyy useampi sis\u00e4lt\u00f6muoto. Yrityskuvaukseen voidaan esimerkiksi yhdist\u00e4\u00e4 dronekuvia tai tapahtumakuvausta, ja video voidaan toteuttaa sek\u00e4 verkkosivuille, sosiaaliseen mediaan ett\u00e4 toimitukselliseen k\u00e4ytt\u00f6\u00f6n. <\/p>\t\t\t\t\t\t\t\t<\/div>\n\t\t\t\t<\/div>\n\t\t\t\t<\/div>\n\t\t<div class=\"elementor-element elementor-element-d7d0881 e-flex e-con-boxed e-con e-parent\" data-id=\"d7d0881\" data-element_type=\"container\" data-e-type=\"container\">\n\t\t\t\t\t<div class=\"e-con-inner\">\n\t\t<div class=\"elementor-element elementor-element-13ef836 e-con-full e-flex e-con e-child\" data-id=\"13ef836\" data-element_type=\"container\" data-e-type=\"container\" data-settings=\"{&quot;background_background&quot;:&quot;classic&quot;}\">\n\t\t\t\t<div class=\"elementor-element elementor-element-254b8cb elementor-widget elementor-widget-image\" data-id=\"254b8cb\" data-element_type=\"widget\" data-e-type=\"widget\" data-widget_type=\"image.default\">\n\t\t\t\t<div class=\"elementor-widget-container\">\n\t\t\t\t\t\t\t\t\t\t\t\t\t\t\t<img decoding=\"async\" width=\"768\" height=\"512\" data-src=\"https:\/\/christofferbjorklund.com\/wp-content\/uploads\/2025\/12\/0X3A2001-768x512.webp\" class=\"attachment-medium_large size-medium_large wp-image-8977 lazyload\" alt=\"Teknist\u00e4 laitteistoa p\u00f6yd\u00e4ll\u00e4 teknisess\u00e4 ymp\u00e4rist\u00f6ss\u00e4\" data-srcset=\"https:\/\/christofferbjorklund.com\/wp-content\/uploads\/2025\/12\/0X3A2001-768x512.webp 768w, https:\/\/christofferbjorklund.com\/wp-content\/uploads\/2025\/12\/0X3A2001-300x200.webp 300w, https:\/\/christofferbjorklund.com\/wp-content\/uploads\/2025\/12\/0X3A2001-1024x683.webp 1024w, https:\/\/christofferbjorklund.com\/wp-content\/uploads\/2025\/12\/0X3A2001.webp 1200w\" data-sizes=\"(max-width: 768px) 100vw, 768px\" src=\"data:image\/svg+xml;base64,PHN2ZyB3aWR0aD0iMSIgaGVpZ2h0PSIxIiB4bWxucz0iaHR0cDovL3d3dy53My5vcmcvMjAwMC9zdmciPjwvc3ZnPg==\" style=\"--smush-placeholder-width: 768px; --smush-placeholder-aspect-ratio: 768\/512;\" \/>\t\t\t\t\t\t\t\t\t\t\t\t\t\t\t<\/div>\n\t\t\t\t<\/div>\n\t\t\t\t<\/div>\n\t\t<div class=\"elementor-element elementor-element-7eb0903 e-con-full e-flex e-con e-child\" data-id=\"7eb0903\" data-element_type=\"container\" data-e-type=\"container\">\n\t\t\t\t<div class=\"elementor-element elementor-element-fd2cb84 elementor-widget elementor-widget-text-editor\" data-id=\"fd2cb84\" data-element_type=\"widget\" data-e-type=\"widget\" data-widget_type=\"text-editor.default\">\n\t\t\t\t<div class=\"elementor-widget-container\">\n\t\t\t\t\t\t\t\t\t<p class=\"p1\">Ota yhteytt\u00e4<\/p>\t\t\t\t\t\t\t\t<\/div>\n\t\t\t\t<\/div>\n\t\t\t\t<div class=\"elementor-element elementor-element-5c3f690 elementor-widget elementor-widget-heading\" data-id=\"5c3f690\" data-element_type=\"widget\" data-e-type=\"widget\" data-widget_type=\"heading.default\">\n\t\t\t\t<div class=\"elementor-widget-container\">\n\t\t\t\t\t<h2 class=\"elementor-heading-title elementor-size-default\">Tarvitsetteko apua oikean toteutuksen l\u00f6yt\u00e4misess\u00e4?<\/h2>\t\t\t\t<\/div>\n\t\t\t\t<\/div>\n\t\t\t\t<div class=\"elementor-element elementor-element-b2328b7 elementor-widget elementor-widget-text-editor\" data-id=\"b2328b7\" data-element_type=\"widget\" data-e-type=\"widget\" data-widget_type=\"text-editor.default\">\n\t\t\t\t<div class=\"elementor-widget-container\">\n\t\t\t\t\t\t\t\t\t<p class=\"p1\">Autan mielell\u00e4ni valitsemaan oikean palvelun toimintanne, kohderyhm\u00e4nne ja materiaalin k\u00e4ytt\u00f6tarkoituksen mukaan.<\/p>\t\t\t\t\t\t\t\t<\/div>\n\t\t\t\t<\/div>\n\t\t<div class=\"elementor-element elementor-element-d9c748a e-con-full e-flex e-con e-child\" data-id=\"d9c748a\" data-element_type=\"container\" data-e-type=\"container\">\n\t\t\t\t<div class=\"elementor-element elementor-element-ec68e2f elementor-align-left elementor-widget elementor-widget-button\" data-id=\"ec68e2f\" data-element_type=\"widget\" data-e-type=\"widget\" data-widget_type=\"button.default\">\n\t\t\t\t<div class=\"elementor-widget-container\">\n\t\t\t\t\t\t\t\t\t<div class=\"elementor-button-wrapper\">\n\t\t\t\t\t<a class=\"elementor-button elementor-button-link elementor-size-sm\" href=\"https:\/\/christofferbjorklund.com\/fi\/yhteystiedot-valokuvaaja-vaasa\/\">\n\t\t\t\t\t\t<span class=\"elementor-button-content-wrapper\">\n\t\t\t\t\t\t\t\t\t<span class=\"elementor-button-text\">Ota yhteytt\u00e4 \u2192<\/span>\n\t\t\t\t\t<\/span>\n\t\t\t\t\t<\/a>\n\t\t\t\t<\/div>\n\t\t\t\t\t\t\t\t<\/div>\n\t\t\t\t<\/div>\n\t\t\t\t<\/div>\n\t\t\t\t<\/div>\n\t\t\t\t\t<\/div>\n\t\t\t\t<\/div>\n\t\t\t\t<\/div>\n\t\t","protected":false},"excerpt":{"rendered":"<p>Palvelut Valokuvia ja videota yrityksille Vaasassa ja Pohjanmaalla Autan yrityksi\u00e4 ja organisaatioita yrityskuvauksessa, reportaasikuvauksessa ja videotuotannossa markkinointiin, viestint\u00e4\u00e4n ja toimitukselliseen sis\u00e4lt\u00f6\u00f6n. Palvelut Valokuvia ja videota yrityksille Vaasassa ja Pohjanmaalla Autan yrityksi\u00e4 ja organisaatioita yrityskuvauksessa, reportaasikuvauksessa ja videotuotannossa markkinointiin, viestint\u00e4\u00e4n ja toimitukselliseen sis\u00e4lt\u00f6\u00f6n. Palvelualueet Palveluja yrityksille ja organisaatioille T\u00e4\u00e4lt\u00e4 l\u00f6yd\u00e4tte kolme p\u00e4\u00e4asiallista palvelualuettani. Jokainen toimeksianto suunnitellaan [&hellip;]<\/p>\n","protected":false},"author":1,"featured_media":0,"parent":0,"menu_order":0,"comment_status":"closed","ping_status":"closed","template":"","meta":{"footnotes":""},"class_list":["post-2643","page","type-page","status-publish","hentry"],"_links":{"self":[{"href":"https:\/\/christofferbjorklund.com\/fi\/wp-json\/wp\/v2\/pages\/2643","targetHints":{"allow":["GET"]}}],"collection":[{"href":"https:\/\/christofferbjorklund.com\/fi\/wp-json\/wp\/v2\/pages"}],"about":[{"href":"https:\/\/christofferbjorklund.com\/fi\/wp-json\/wp\/v2\/types\/page"}],"author":[{"embeddable":true,"href":"https:\/\/christofferbjorklund.com\/fi\/wp-json\/wp\/v2\/users\/1"}],"replies":[{"embeddable":true,"href":"https:\/\/christofferbjorklund.com\/fi\/wp-json\/wp\/v2\/comments?post=2643"}],"version-history":[{"count":0,"href":"https:\/\/christofferbjorklund.com\/fi\/wp-json\/wp\/v2\/pages\/2643\/revisions"}],"wp:attachment":[{"href":"https:\/\/christofferbjorklund.com\/fi\/wp-json\/wp\/v2\/media?parent=2643"}],"curies":[{"name":"wp","href":"https:\/\/api.w.org\/{rel}","templated":true}]}}