{"id":2647,"date":"2024-01-02T17:50:57","date_gmt":"2024-01-02T15:50:57","guid":{"rendered":"https:\/\/christofferbjorklund.com\/minusta\/"},"modified":"2026-05-03T19:07:40","modified_gmt":"2026-05-03T16:07:40","slug":"valokuvaaja-vaasa-tietoa-minusta-christoffer-bjorklund","status":"publish","type":"page","link":"https:\/\/christofferbjorklund.com\/fi\/valokuvaaja-vaasa-tietoa-minusta-christoffer-bjorklund\/","title":{"rendered":"Valokuvaaja Vaasa Tietoa Minusta Christoffer Bj\u00f6rklund"},"content":{"rendered":"\t\t<div data-elementor-type=\"wp-page\" data-elementor-id=\"2647\" class=\"elementor elementor-2647 elementor-942\" data-elementor-post-type=\"page\">\n\t\t\t\t<div class=\"elementor-element elementor-element-8f09983 e-con-full elementor-hidden-mobile e-flex e-con e-parent\" data-id=\"8f09983\" data-element_type=\"container\" data-e-type=\"container\" data-settings=\"{&quot;background_background&quot;:&quot;classic&quot;}\">\n\t\t\t\t<div class=\"elementor-element elementor-element-dfd477d elementor-widget elementor-widget-heading\" data-id=\"dfd477d\" data-element_type=\"widget\" data-e-type=\"widget\" data-widget_type=\"heading.default\">\n\t\t\t\t<div class=\"elementor-widget-container\">\n\t\t\t\t\t<h1 class=\"elementor-heading-title elementor-size-default\">Valokuvaaja Vaasassa \u2013 Christoffer Bj\u00f6rklundista<\/h1>\t\t\t\t<\/div>\n\t\t\t\t<\/div>\n\t\t\t\t<div class=\"elementor-element elementor-element-759b2bd elementor-widget elementor-widget-heading\" data-id=\"759b2bd\" data-element_type=\"widget\" data-e-type=\"widget\" data-widget_type=\"heading.default\">\n\t\t\t\t<div class=\"elementor-widget-container\">\n\t\t\t\t\t<p class=\"elementor-heading-title elementor-size-default\">Valokuvaajana Vaasassa autan yrityksi\u00e4, organisaatioita ja toimituksellisia toimeksiantajia luomaan kuvia ja videoita, jotka rakentavat luottamusta, vahvistavat br\u00e4ndi\u00e4 ja kertovat selke\u00e4sti ja vaikuttavasti.<\/p>\t\t\t\t<\/div>\n\t\t\t\t<\/div>\n\t\t\t\t<\/div>\n\t\t<div class=\"elementor-element elementor-element-e59c85e e-con-full elementor-hidden-desktop elementor-hidden-tablet e-flex e-con e-parent\" data-id=\"e59c85e\" data-element_type=\"container\" data-e-type=\"container\">\n\t\t\t\t<div class=\"elementor-element elementor-element-6d2b8f7 hero-no-lazy elementor-widget elementor-widget-image\" data-id=\"6d2b8f7\" data-element_type=\"widget\" data-e-type=\"widget\" data-widget_type=\"image.default\">\n\t\t\t\t<div class=\"elementor-widget-container\">\n\t\t\t\t\t\t\t\t\t\t\t\t\t\t\t<img fetchpriority=\"high\" decoding=\"async\" width=\"800\" height=\"534\" src=\"https:\/\/christofferbjorklund.com\/wp-content\/uploads\/2026\/04\/DJI_20240807231000_0104_D-1024x683.webp\" class=\"attachment-large size-large wp-image-10607\" alt=\"Vaasan satama h\u00e4m\u00e4r\u00e4ss\u00e4\" srcset=\"https:\/\/christofferbjorklund.com\/wp-content\/uploads\/2026\/04\/DJI_20240807231000_0104_D-1024x683.webp 1024w, https:\/\/christofferbjorklund.com\/wp-content\/uploads\/2026\/04\/DJI_20240807231000_0104_D-300x200.webp 300w, https:\/\/christofferbjorklund.com\/wp-content\/uploads\/2026\/04\/DJI_20240807231000_0104_D-768x512.webp 768w, https:\/\/christofferbjorklund.com\/wp-content\/uploads\/2026\/04\/DJI_20240807231000_0104_D-1536x1024.webp 1536w, https:\/\/christofferbjorklund.com\/wp-content\/uploads\/2026\/04\/DJI_20240807231000_0104_D.webp 1920w\" sizes=\"(max-width: 800px) 100vw, 800px\" \/>\t\t\t\t\t\t\t\t\t\t\t\t\t\t\t<\/div>\n\t\t\t\t<\/div>\n\t\t<div class=\"elementor-element elementor-element-905b888 e-con-full e-flex e-con e-child\" data-id=\"905b888\" data-element_type=\"container\" data-e-type=\"container\" data-settings=\"{&quot;position&quot;:&quot;absolute&quot;}\">\n\t\t\t\t<div class=\"elementor-element elementor-element-7fe4a5c elementor-widget elementor-widget-heading\" data-id=\"7fe4a5c\" data-element_type=\"widget\" data-e-type=\"widget\" data-widget_type=\"heading.default\">\n\t\t\t\t<div class=\"elementor-widget-container\">\n\t\t\t\t\t<div class=\"elementor-heading-title elementor-size-default\">Valokuvaaja Vaasassa \u2013 Christoffer Bj\u00f6rklundista<\/div>\t\t\t\t<\/div>\n\t\t\t\t<\/div>\n\t\t\t\t<div class=\"elementor-element elementor-element-b4c6f2a elementor-widget elementor-widget-heading\" data-id=\"b4c6f2a\" data-element_type=\"widget\" data-e-type=\"widget\" data-widget_type=\"heading.default\">\n\t\t\t\t<div class=\"elementor-widget-container\">\n\t\t\t\t\t<p class=\"elementor-heading-title elementor-size-default\">Valokuvaajana Vaasassa autan yrityksi\u00e4, organisaatioita ja toimituksellisia toimeksiantajia luomaan kuvia ja videoita, jotka rakentavat luottamusta, vahvistavat br\u00e4ndi\u00e4 ja kertovat selke\u00e4sti ja vaikuttavasti.<\/p>\t\t\t\t<\/div>\n\t\t\t\t<\/div>\n\t\t\t\t<\/div>\n\t\t\t\t<\/div>\n\t\t<div class=\"elementor-element elementor-element-5ab6310 e-flex e-con-boxed e-con e-parent\" data-id=\"5ab6310\" data-element_type=\"container\" data-e-type=\"container\">\n\t\t\t\t\t<div class=\"e-con-inner\">\n\t\t\t\t<div class=\"elementor-element elementor-element-be05d51 elementor-widget elementor-widget-heading\" data-id=\"be05d51\" data-element_type=\"widget\" data-e-type=\"widget\" data-widget_type=\"heading.default\">\n\t\t\t\t<div class=\"elementor-widget-container\">\n\t\t\t\t\t<h2 class=\"elementor-heading-title elementor-size-default\">Yhteisty\u00f6 kanssani tarkoittaa<\/h2>\t\t\t\t<\/div>\n\t\t\t\t<\/div>\n\t\t\t\t\t<\/div>\n\t\t\t\t<\/div>\n\t\t<div class=\"elementor-element elementor-element-8fa092f e-grid e-con-full e-con e-parent\" data-id=\"8fa092f\" data-element_type=\"container\" data-e-type=\"container\">\n\t\t<div class=\"elementor-element elementor-element-08b0229 e-con-full e-flex e-con e-child\" data-id=\"08b0229\" data-element_type=\"container\" data-e-type=\"container\">\n\t\t\t\t<div class=\"elementor-element elementor-element-f900f07 elementor-widget elementor-widget-heading\" data-id=\"f900f07\" data-element_type=\"widget\" data-e-type=\"widget\" data-widget_type=\"heading.default\">\n\t\t\t\t<div class=\"elementor-widget-container\">\n\t\t\t\t\t<h3 class=\"elementor-heading-title elementor-size-default\">Selke\u00e4 toteutus alusta alkaen<\/h3>\t\t\t\t<\/div>\n\t\t\t\t<\/div>\n\t\t\t\t<div class=\"elementor-element elementor-element-401889d elementor-widget elementor-widget-text-editor\" data-id=\"401889d\" data-element_type=\"widget\" data-e-type=\"widget\" data-widget_type=\"text-editor.default\">\n\t\t\t\t<div class=\"elementor-widget-container\">\n\t\t\t\t\t\t\t\t\t<p class=\"p1\">Suunnittelen jokaisen toimeksiannon tavoitteen, kohderyhm\u00e4n ja materiaalin k\u00e4ytt\u00f6tarkoituksen mukaan. Se tekee prosessista sujuvan ja auttaa luomaan kuvia ja videoita, jotka toimivat k\u00e4yt\u00e4nn\u00f6ss\u00e4. <\/p>\t\t\t\t\t\t\t\t<\/div>\n\t\t\t\t<\/div>\n\t\t\t\t<\/div>\n\t\t<div class=\"elementor-element elementor-element-8e65591 e-con-full e-flex e-con e-child\" data-id=\"8e65591\" data-element_type=\"container\" data-e-type=\"container\">\n\t\t\t\t<div class=\"elementor-element elementor-element-3cf8b4b elementor-widget elementor-widget-heading\" data-id=\"3cf8b4b\" data-element_type=\"widget\" data-e-type=\"widget\" data-widget_type=\"heading.default\">\n\t\t\t\t<div class=\"elementor-widget-container\">\n\t\t\t\t\t<h3 class=\"elementor-heading-title elementor-size-default\">Huomaamaton ja joustava ty\u00f6skentelytapa<\/h3>\t\t\t\t<\/div>\n\t\t\t\t<\/div>\n\t\t\t\t<div class=\"elementor-element elementor-element-1fa86aa elementor-widget elementor-widget-text-editor\" data-id=\"1fa86aa\" data-element_type=\"widget\" data-e-type=\"widget\" data-widget_type=\"text-editor.default\">\n\t\t\t\t<div class=\"elementor-widget-container\">\n\t\t\t\t\t\t\t\t\t<p>Olen tottunut ty\u00f6skentelem\u00e4\u00e4n erilaisissa ymp\u00e4rist\u00f6iss\u00e4 \u2013 yrityksist\u00e4 ja julkisista toimijoista tapahtumiin ja toimituksellisiin yhteyksiin \u2013 keskittyen l\u00e4sn\u00e4oloon, sujuvuuteen ja ammattimaiseen lopputulokseen.<\/p>\t\t\t\t\t\t\t\t<\/div>\n\t\t\t\t<\/div>\n\t\t\t\t<\/div>\n\t\t<div class=\"elementor-element elementor-element-8b94957 e-con-full e-flex e-con e-child\" data-id=\"8b94957\" data-element_type=\"container\" data-e-type=\"container\">\n\t\t\t\t<div class=\"elementor-element elementor-element-40cec51 elementor-widget elementor-widget-heading\" data-id=\"40cec51\" data-element_type=\"widget\" data-e-type=\"widget\" data-widget_type=\"heading.default\">\n\t\t\t\t<div class=\"elementor-widget-container\">\n\t\t\t\t\t<h3 class=\"elementor-heading-title elementor-size-default\">Materiaalia, joka kest\u00e4\u00e4 aikaa<\/h3>\t\t\t\t<\/div>\n\t\t\t\t<\/div>\n\t\t\t\t<div class=\"elementor-element elementor-element-7b4c5fb elementor-widget elementor-widget-text-editor\" data-id=\"7b4c5fb\" data-element_type=\"widget\" data-e-type=\"widget\" data-widget_type=\"text-editor.default\">\n\t\t\t\t<div class=\"elementor-widget-container\">\n\t\t\t\t\t\t\t\t\t<p class=\"p1\">Tavoitteena ei ole vain toimittaa jotain, joka n\u00e4ytt\u00e4\u00e4 hyv\u00e4lt\u00e4 hetkess\u00e4, vaan luoda materiaalia, joka pysyy k\u00e4ytt\u00f6kelpoisena verkkosivuilla, markkinoinnissa, viestinn\u00e4ss\u00e4 ja julkaisuissa my\u00f6s my\u00f6hemmin.<\/p>\t\t\t\t\t\t\t\t<\/div>\n\t\t\t\t<\/div>\n\t\t\t\t<\/div>\n\t\t\t\t<\/div>\n\t\t<div class=\"elementor-element elementor-element-f1840c6 e-con-full e-flex e-con e-parent\" data-id=\"f1840c6\" data-element_type=\"container\" data-e-type=\"container\">\n\t\t\t\t<div class=\"elementor-element elementor-element-14395c9 elementor-widget elementor-widget-heading\" data-id=\"14395c9\" data-element_type=\"widget\" data-e-type=\"widget\" data-widget_type=\"heading.default\">\n\t\t\t\t<div class=\"elementor-widget-container\">\n\t\t\t\t\t<p class=\"elementor-heading-title elementor-size-default\">N\u00e4in voin auttaa teit\u00e4<\/p>\t\t\t\t<\/div>\n\t\t\t\t<\/div>\n\t\t\t\t<div class=\"elementor-element elementor-element-471ad11 elementor-widget elementor-widget-text-editor\" data-id=\"471ad11\" data-element_type=\"widget\" data-e-type=\"widget\" data-widget_type=\"text-editor.default\">\n\t\t\t\t<div class=\"elementor-widget-container\">\n\t\t\t\t\t\t\t\t\t<p>Tarjoan kolme p\u00e4\u00e4asiallista palvelualuetta sen mukaan, millaista materiaalia tarvitsette ja miten sit\u00e4 on tarkoitus k\u00e4ytt\u00e4\u00e4.<\/p>\t\t\t\t\t\t\t\t<\/div>\n\t\t\t\t<\/div>\n\t\t\t\t<\/div>\n\t\t<div class=\"elementor-element elementor-element-c550202 e-con-full e-flex e-con e-parent\" data-id=\"c550202\" data-element_type=\"container\" data-e-type=\"container\" data-settings=\"{&quot;background_background&quot;:&quot;classic&quot;}\">\n\t\t<div class=\"elementor-element elementor-element-1f99fd8 e-con-full e-flex e-con e-child\" data-id=\"1f99fd8\" data-element_type=\"container\" data-e-type=\"container\">\n\t\t<div class=\"elementor-element elementor-element-43bf7d5 e-con-full e-flex e-con e-child\" data-id=\"43bf7d5\" data-element_type=\"container\" data-e-type=\"container\">\n\t\t\t\t<div class=\"elementor-element elementor-element-e1d99be elementor-widget elementor-widget-heading\" data-id=\"e1d99be\" data-element_type=\"widget\" data-e-type=\"widget\" data-widget_type=\"heading.default\">\n\t\t\t\t<div class=\"elementor-widget-container\">\n\t\t\t\t\t<h3 class=\"elementor-heading-title elementor-size-default\">Yritysvalokuvaus<\/h3>\t\t\t\t<\/div>\n\t\t\t\t<\/div>\n\t\t\t\t<div class=\"elementor-element elementor-element-7a5564c elementor-widget elementor-widget-text-editor\" data-id=\"7a5564c\" data-element_type=\"widget\" data-e-type=\"widget\" data-widget_type=\"text-editor.default\">\n\t\t\t\t<div class=\"elementor-widget-container\">\n\t\t\t\t\t\t\t\t\t<p>Kuvia henkil\u00f6st\u00f6st\u00e4, ty\u00f6ymp\u00e4rist\u00f6st\u00e4, toiminnasta, teollisuudesta, logistiikasta ja tuotteista yrityksille ja organisaatioille, jotka tarvitsevat ammattimaista materiaalia verkkosivuille, markkinointiin ja viestint\u00e4\u00e4n.<\/p>\t\t\t\t\t\t\t\t<\/div>\n\t\t\t\t<\/div>\n\t\t\t\t<div class=\"elementor-element elementor-element-88916d4 elementor-widget elementor-widget-text-editor\" data-id=\"88916d4\" data-element_type=\"widget\" data-e-type=\"widget\" data-widget_type=\"text-editor.default\">\n\t\t\t\t<div class=\"elementor-widget-container\">\n\t\t\t\t\t\t\t\t\t<p><a href=\"https:\/\/christofferbjorklund.com\/fi\/yritysvalokuvaus-vaasassa\/\"><strong>Lue lis\u00e4\u00e4 yrityskuvauksesta \u2192<\/strong><\/a><\/p>\t\t\t\t\t\t\t\t<\/div>\n\t\t\t\t<\/div>\n\t\t\t\t<\/div>\n\t\t\t\t<\/div>\n\t\t<div class=\"elementor-element elementor-element-baa97b0 e-con-full e-flex e-con e-child\" data-id=\"baa97b0\" data-element_type=\"container\" data-e-type=\"container\">\n\t\t<div class=\"elementor-element elementor-element-10dbe0b e-con-full e-flex e-con e-child\" data-id=\"10dbe0b\" data-element_type=\"container\" data-e-type=\"container\">\n\t\t\t\t<div class=\"elementor-element elementor-element-d4357f8 elementor-widget elementor-widget-heading\" data-id=\"d4357f8\" data-element_type=\"widget\" data-e-type=\"widget\" data-widget_type=\"heading.default\">\n\t\t\t\t<div class=\"elementor-widget-container\">\n\t\t\t\t\t<h3 class=\"elementor-heading-title elementor-size-default\">Lehtikuvaus<\/h3>\t\t\t\t<\/div>\n\t\t\t\t<\/div>\n\t\t\t\t<div class=\"elementor-element elementor-element-00f3a1f elementor-widget elementor-widget-text-editor\" data-id=\"00f3a1f\" data-element_type=\"widget\" data-e-type=\"widget\" data-widget_type=\"text-editor.default\">\n\t\t\t\t<div class=\"elementor-widget-container\">\n\t\t\t\t\t\t\t\t\t<p>Reportaasikuvia artikkeleihin, asiakaslehtiin, aikakauslehtiin ja organisaatioille, jotka haluavat kertoa uskottavilla, l\u00e4sn\u00e4 olevilla ja ammattimaisilla kuvilla.<\/p>\t\t\t\t\t\t\t\t<\/div>\n\t\t\t\t<\/div>\n\t\t\t\t<div class=\"elementor-element elementor-element-69f8621 elementor-widget elementor-widget-text-editor\" data-id=\"69f8621\" data-element_type=\"widget\" data-e-type=\"widget\" data-widget_type=\"text-editor.default\">\n\t\t\t\t<div class=\"elementor-widget-container\">\n\t\t\t\t\t\t\t\t\t<p><a href=\"https:\/\/christofferbjorklund.com\/fi\/lehtikuvaaja-vaasa\/\"><strong>Lue lis\u00e4\u00e4 reportaasikuvauksesta \u2192<\/strong><\/a><\/p>\t\t\t\t\t\t\t\t<\/div>\n\t\t\t\t<\/div>\n\t\t\t\t<\/div>\n\t\t\t\t<\/div>\n\t\t<div class=\"elementor-element elementor-element-5d1b817 e-con-full e-flex e-con e-child\" data-id=\"5d1b817\" data-element_type=\"container\" data-e-type=\"container\">\n\t\t<div class=\"elementor-element elementor-element-f0c676a e-con-full e-flex e-con e-child\" data-id=\"f0c676a\" data-element_type=\"container\" data-e-type=\"container\">\n\t\t\t\t<div class=\"elementor-element elementor-element-d3b660a elementor-widget elementor-widget-heading\" data-id=\"d3b660a\" data-element_type=\"widget\" data-e-type=\"widget\" data-widget_type=\"heading.default\">\n\t\t\t\t<div class=\"elementor-widget-container\">\n\t\t\t\t\t<h3 class=\"elementor-heading-title elementor-size-default\">Video<\/h3>\t\t\t\t<\/div>\n\t\t\t\t<\/div>\n\t\t\t\t<div class=\"elementor-element elementor-element-24dfb33 elementor-widget elementor-widget-text-editor\" data-id=\"24dfb33\" data-element_type=\"widget\" data-e-type=\"widget\" data-widget_type=\"text-editor.default\">\n\t\t\t\t<div class=\"elementor-widget-container\">\n\t\t\t\t\t\t\t\t\t<p>Yritysvideoita, referenssivideoita, tapahtumavideoita ja muuta liikkuvaa sis\u00e4lt\u00f6\u00e4 yrityksille ja organisaatioille, jotka haluavat viesti\u00e4 selke\u00e4sti, ammattimaisesti ja oikealla tunnelmalla.<\/p>\t\t\t\t\t\t\t\t<\/div>\n\t\t\t\t<\/div>\n\t\t\t\t<div class=\"elementor-element elementor-element-e3a2e9a elementor-widget elementor-widget-text-editor\" data-id=\"e3a2e9a\" data-element_type=\"widget\" data-e-type=\"widget\" data-widget_type=\"text-editor.default\">\n\t\t\t\t<div class=\"elementor-widget-container\">\n\t\t\t\t\t\t\t\t\t<p><a href=\"https:\/\/christofferbjorklund.com\/fi\/videotuotanto-vaasassa\/\"><strong>Lue lis\u00e4\u00e4 videosta \u2192<\/strong><\/a><\/p>\t\t\t\t\t\t\t\t<\/div>\n\t\t\t\t<\/div>\n\t\t\t\t<\/div>\n\t\t\t\t<\/div>\n\t\t\t\t<\/div>\n\t\t<div class=\"elementor-element elementor-element-672cb3d e-con-full e-flex e-con e-parent\" data-id=\"672cb3d\" data-element_type=\"container\" data-e-type=\"container\">\n\t\t\t\t<div class=\"elementor-element elementor-element-516c592 elementor-widget elementor-widget-heading\" data-id=\"516c592\" data-element_type=\"widget\" data-e-type=\"widget\" data-widget_type=\"heading.default\">\n\t\t\t\t<div class=\"elementor-widget-container\">\n\t\t\t\t\t<h2 class=\"elementor-heading-title elementor-size-default\">Valokuvaa ja videota yrityksille, organisaatioille ja toimituksellisiin toimeksiantoihin<\/h2>\t\t\t\t<\/div>\n\t\t\t\t<\/div>\n\t\t\t\t<div class=\"elementor-element elementor-element-dbdec3b elementor-widget elementor-widget-text-editor\" data-id=\"dbdec3b\" data-element_type=\"widget\" data-e-type=\"widget\" data-widget_type=\"text-editor.default\">\n\t\t\t\t<div class=\"elementor-widget-container\">\n\t\t\t\t\t\t\t\t\t<p>Ty\u00f6skentelen p\u00e4\u00e4asiassa yrityskuvauksen, reportaasikuvauksen ja videon parissa toimeksiantajille, jotka tarvitsevat visuaalista materiaalia, jossa yhdistyv\u00e4t laatu ja k\u00e4yt\u00e4nn\u00f6llisyys. Tukikohtani on Vaasassa, ja ty\u00f6skentelen p\u00e4\u00e4asiassa Pohjanmaalla, mutta otan tarvittaessa toimeksiantoja vastaan my\u00f6s muualla Suomessa. <\/p>\t\t\t\t\t\t\t\t<\/div>\n\t\t\t\t<\/div>\n\t\t\t\t<\/div>\n\t\t<div class=\"elementor-element elementor-element-4ce2b1d e-flex e-con-boxed e-con e-parent\" data-id=\"4ce2b1d\" data-element_type=\"container\" data-e-type=\"container\">\n\t\t\t\t\t<div class=\"e-con-inner\">\n\t\t<div class=\"elementor-element elementor-element-9e17896 e-con-full e-flex e-con e-child\" data-id=\"9e17896\" data-element_type=\"container\" data-e-type=\"container\" data-settings=\"{&quot;background_background&quot;:&quot;classic&quot;}\">\n\t\t\t\t<div class=\"elementor-element elementor-element-1edf7eb elementor-widget elementor-widget-image\" data-id=\"1edf7eb\" data-element_type=\"widget\" data-e-type=\"widget\" data-widget_type=\"image.default\">\n\t\t\t\t<div class=\"elementor-widget-container\">\n\t\t\t\t\t\t\t\t\t\t\t\t\t\t\t<img decoding=\"async\" width=\"1536\" height=\"1920\" src=\"https:\/\/christofferbjorklund.com\/wp-content\/uploads\/2026\/04\/0X3A1199.avif\" class=\"attachment-full size-full wp-image-10608\" alt=\"Teknist\u00e4 laitteistoa, jossa n\u00e4kyy VEO Vector -logo\" srcset=\"https:\/\/christofferbjorklund.com\/wp-content\/uploads\/2026\/04\/0X3A1199.avif 1536w, https:\/\/christofferbjorklund.com\/wp-content\/uploads\/2026\/04\/0X3A1199-240x300.avif 240w, https:\/\/christofferbjorklund.com\/wp-content\/uploads\/2026\/04\/0X3A1199-819x1024.avif 819w, https:\/\/christofferbjorklund.com\/wp-content\/uploads\/2026\/04\/0X3A1199-768x960.avif 768w, https:\/\/christofferbjorklund.com\/wp-content\/uploads\/2026\/04\/0X3A1199-1229x1536.avif 1229w\" sizes=\"(max-width: 1536px) 100vw, 1536px\" \/>\t\t\t\t\t\t\t\t\t\t\t\t\t\t\t<\/div>\n\t\t\t\t<\/div>\n\t\t\t\t<\/div>\n\t\t<div class=\"elementor-element elementor-element-37a9704 e-con-full e-flex e-con e-child\" data-id=\"37a9704\" data-element_type=\"container\" data-e-type=\"container\">\n\t\t\t\t<div class=\"elementor-element elementor-element-3e4effd elementor-widget elementor-widget-text-editor\" data-id=\"3e4effd\" data-element_type=\"widget\" data-e-type=\"widget\" data-widget_type=\"text-editor.default\">\n\t\t\t\t<div class=\"elementor-widget-container\">\n\t\t\t\t\t\t\t\t\t<p>Ota yhteytt\u00e4<\/p>\t\t\t\t\t\t\t\t<\/div>\n\t\t\t\t<\/div>\n\t\t\t\t<div class=\"elementor-element elementor-element-e09d4ca elementor-widget elementor-widget-heading\" data-id=\"e09d4ca\" data-element_type=\"widget\" data-e-type=\"widget\" data-widget_type=\"heading.default\">\n\t\t\t\t<div class=\"elementor-widget-container\">\n\t\t\t\t\t<h2 class=\"elementor-heading-title elementor-size-default\">Tarvitsetteko valokuvaa tai videota toimintaanne?<\/h2>\t\t\t\t<\/div>\n\t\t\t\t<\/div>\n\t\t<div class=\"elementor-element elementor-element-f3bb9d0 e-con-full e-flex e-con e-child\" data-id=\"f3bb9d0\" data-element_type=\"container\" data-e-type=\"container\">\n\t\t\t\t<div class=\"elementor-element elementor-element-c6d226d elementor-widget elementor-widget-text-editor\" data-id=\"c6d226d\" data-element_type=\"widget\" data-e-type=\"widget\" data-widget_type=\"text-editor.default\">\n\t\t\t\t<div class=\"elementor-widget-container\">\n\t\t\t\t\t\t\t\t\t<p class=\"p1\">Tarvitsittepa yrityskuvausta, reportaasikuvausta tai videota, autan mielell\u00e4ni suunnittelemaan toteutuksen, joka sopii toimeksiantoonne, toimintaanne ja materiaalin k\u00e4ytt\u00f6tarkoitukseen.<\/p>\t\t\t\t\t\t\t\t<\/div>\n\t\t\t\t<\/div>\n\t\t\t\t<\/div>\n\t\t<div class=\"elementor-element elementor-element-551c686 e-con-full e-flex e-con e-child\" data-id=\"551c686\" data-element_type=\"container\" data-e-type=\"container\">\n\t\t\t\t<div class=\"elementor-element elementor-element-fe446fe elementor-align-left elementor-widget elementor-widget-button\" data-id=\"fe446fe\" data-element_type=\"widget\" data-e-type=\"widget\" data-widget_type=\"button.default\">\n\t\t\t\t<div class=\"elementor-widget-container\">\n\t\t\t\t\t\t\t\t\t<div class=\"elementor-button-wrapper\">\n\t\t\t\t\t<a class=\"elementor-button elementor-button-link elementor-size-sm\" href=\"https:\/\/christofferbjorklund.com\/fi\/yhteystiedot-valokuvaaja-vaasa\/\">\n\t\t\t\t\t\t<span class=\"elementor-button-content-wrapper\">\n\t\t\t\t\t\t\t\t\t<span class=\"elementor-button-text\">Ota yhteytt\u00e4<\/span>\n\t\t\t\t\t<\/span>\n\t\t\t\t\t<\/a>\n\t\t\t\t<\/div>\n\t\t\t\t\t\t\t\t<\/div>\n\t\t\t\t<\/div>\n\t\t\t\t<\/div>\n\t\t\t\t<\/div>\n\t\t\t\t\t<\/div>\n\t\t\t\t<\/div>\n\t\t\t\t<\/div>\n\t\t","protected":false},"excerpt":{"rendered":"<p>Valokuvaaja Vaasassa \u2013 Christoffer Bj\u00f6rklundista Valokuvaajana Vaasassa autan yrityksi\u00e4, organisaatioita ja toimituksellisia toimeksiantajia luomaan kuvia ja videoita, jotka rakentavat luottamusta, vahvistavat br\u00e4ndi\u00e4 ja kertovat selke\u00e4sti ja vaikuttavasti. Valokuvaaja Vaasassa \u2013 Christoffer Bj\u00f6rklundista Valokuvaajana Vaasassa autan yrityksi\u00e4, organisaatioita ja toimituksellisia toimeksiantajia luomaan kuvia ja videoita, jotka rakentavat luottamusta, vahvistavat br\u00e4ndi\u00e4 ja kertovat selke\u00e4sti ja vaikuttavasti. Yhteisty\u00f6 [&hellip;]<\/p>\n","protected":false},"author":1,"featured_media":0,"parent":0,"menu_order":0,"comment_status":"closed","ping_status":"closed","template":"","meta":{"footnotes":""},"class_list":["post-2647","page","type-page","status-publish","hentry"],"_links":{"self":[{"href":"https:\/\/christofferbjorklund.com\/fi\/wp-json\/wp\/v2\/pages\/2647","targetHints":{"allow":["GET"]}}],"collection":[{"href":"https:\/\/christofferbjorklund.com\/fi\/wp-json\/wp\/v2\/pages"}],"about":[{"href":"https:\/\/christofferbjorklund.com\/fi\/wp-json\/wp\/v2\/types\/page"}],"author":[{"embeddable":true,"href":"https:\/\/christofferbjorklund.com\/fi\/wp-json\/wp\/v2\/users\/1"}],"replies":[{"embeddable":true,"href":"https:\/\/christofferbjorklund.com\/fi\/wp-json\/wp\/v2\/comments?post=2647"}],"version-history":[{"count":0,"href":"https:\/\/christofferbjorklund.com\/fi\/wp-json\/wp\/v2\/pages\/2647\/revisions"}],"wp:attachment":[{"href":"https:\/\/christofferbjorklund.com\/fi\/wp-json\/wp\/v2\/media?parent=2647"}],"curies":[{"name":"wp","href":"https:\/\/api.w.org\/{rel}","templated":true}]}}