{"id":5265,"date":"2025-01-13T08:17:13","date_gmt":"2025-01-13T06:17:13","guid":{"rendered":"https:\/\/christofferbjorklund.com\/ilmakuvaus\/"},"modified":"2025-11-13T11:28:27","modified_gmt":"2025-11-13T09:28:27","slug":"dronekuvaus-vaasassa-ja-pohjanmaalla","status":"publish","type":"page","link":"https:\/\/christofferbjorklund.com\/fi\/dronekuvaus-vaasassa-ja-pohjanmaalla\/","title":{"rendered":"Dronekuvaus Vaasassa ja Pohjanmaalla"},"content":{"rendered":"\t\t<div data-elementor-type=\"wp-page\" data-elementor-id=\"5265\" class=\"elementor elementor-5265 elementor-4880\" data-elementor-post-type=\"page\">\n\t\t\t\t<div class=\"elementor-element elementor-element-be4a231 e-flex e-con-boxed e-con e-parent\" data-id=\"be4a231\" data-element_type=\"container\" data-e-type=\"container\">\n\t\t\t\t\t<div class=\"e-con-inner\">\n\t\t<div class=\"elementor-element elementor-element-f69b50b e-con-full e-flex e-con e-child\" data-id=\"f69b50b\" data-element_type=\"container\" data-e-type=\"container\">\n\t\t<div class=\"elementor-element elementor-element-377eb8b e-flex e-con-boxed e-con e-child\" data-id=\"377eb8b\" data-element_type=\"container\" data-e-type=\"container\">\n\t\t\t\t\t<div class=\"e-con-inner\">\n\t\t\t\t<div class=\"elementor-element elementor-element-a0c2e4e elementor-widget elementor-widget-heading\" data-id=\"a0c2e4e\" data-element_type=\"widget\" data-e-type=\"widget\" data-widget_type=\"heading.default\">\n\t\t\t\t<div class=\"elementor-widget-container\">\n\t\t\t\t\t<h1 class=\"elementor-heading-title elementor-size-default\">Dronekuvaus Vaasassa | Ilmakuvaus ja dronevideo | Christoffer Bj\u00f6rklund<\/h1>\t\t\t\t<\/div>\n\t\t\t\t<\/div>\n\t\t\t\t<div class=\"elementor-element elementor-element-8ad9760 elementor-widget elementor-widget-text-editor\" data-id=\"8ad9760\" data-element_type=\"widget\" data-e-type=\"widget\" data-widget_type=\"text-editor.default\">\n\t\t\t\t<div class=\"elementor-widget-container\">\n\t\t\t\t\t\t\t\t\t<p><strong data-start=\"400\" data-end=\"430\">Dronekuvauksella Vaasassa<\/strong> yrityksellesi avautuu ainutlaatuisia n\u00e4k\u00f6kulmia, jotka tuovat esiin toiminnan, ymp\u00e4rist\u00f6t ja tapahtumat aivan uudella tavalla. Tarjoan sek\u00e4 <strong data-start=\"556\" data-end=\"572\"><a href=\"https:\/\/christofferbjorklund.com\/fi\/valokuvaaja-vaasa-portfolio\/\">dronekuvia<\/a><\/strong> ett\u00e4 <strong data-start=\"577\" data-end=\"592\">dronevideota <\/strong>korkealaatuisina \u2013 t\u00e4ydellisi\u00e4 markkinointiin, vuosikertomuksiin ja sosiaaliseen mediaan. <a href=\"https:\/\/christofferbjorklund.com\/fi\/\">Valokuvaaja Vaasassa<\/a> \u2013 br\u00e4ndikuvat maasta ja ilmasta. <\/p>\t\t\t\t\t\t\t\t<\/div>\n\t\t\t\t<\/div>\n\t\t\t\t\t<\/div>\n\t\t\t\t<\/div>\n\t\t\t\t<div class=\"elementor-element elementor-element-5c4d828 elementor-widget elementor-widget-image-carousel\" data-id=\"5c4d828\" data-element_type=\"widget\" data-e-type=\"widget\" data-settings=\"{&quot;slides_to_show&quot;:&quot;1&quot;,&quot;navigation&quot;:&quot;none&quot;,&quot;effect&quot;:&quot;fade&quot;,&quot;autoplay_speed&quot;:2000,&quot;motion_fx_motion_fx_scrolling&quot;:&quot;yes&quot;,&quot;motion_fx_scale_effect&quot;:&quot;yes&quot;,&quot;motion_fx_scale_speed&quot;:{&quot;unit&quot;:&quot;px&quot;,&quot;size&quot;:2,&quot;sizes&quot;:[]},&quot;motion_fx_scale_range&quot;:{&quot;unit&quot;:&quot;%&quot;,&quot;size&quot;:&quot;&quot;,&quot;sizes&quot;:{&quot;start&quot;:50,&quot;end&quot;:100}},&quot;pause_on_hover&quot;:&quot;no&quot;,&quot;pause_on_interaction&quot;:&quot;no&quot;,&quot;autoplay&quot;:&quot;yes&quot;,&quot;infinite&quot;:&quot;yes&quot;,&quot;speed&quot;:500,&quot;motion_fx_scale_direction&quot;:&quot;out-in&quot;,&quot;motion_fx_devices&quot;:[&quot;desktop&quot;,&quot;tablet&quot;,&quot;mobile&quot;]}\" data-widget_type=\"image-carousel.default\">\n\t\t\t\t<div class=\"elementor-widget-container\">\n\t\t\t\t\t\t\t<div class=\"elementor-image-carousel-wrapper swiper\" role=\"region\" aria-roledescription=\"carousel\" aria-label=\"Bildkarusell\" dir=\"ltr\">\n\t\t\t<div class=\"elementor-image-carousel swiper-wrapper swiper-image-stretch\" aria-live=\"off\">\n\t\t\t\t\t\t\t\t<div class=\"swiper-slide\" role=\"group\" aria-roledescription=\"slide\" aria-label=\"1 of 5\"><figure class=\"swiper-slide-inner\"><img decoding=\"async\" class=\"swiper-slide-image lazyload\" data-src=\"https:\/\/christofferbjorklund.com\/wp-content\/uploads\/2025\/01\/DJI_20231024170447_0320_D-1.webp\" alt=\"DJI_20231024170447_0320_D\" src=\"data:image\/svg+xml;base64,PHN2ZyB3aWR0aD0iMSIgaGVpZ2h0PSIxIiB4bWxucz0iaHR0cDovL3d3dy53My5vcmcvMjAwMC9zdmciPjwvc3ZnPg==\" style=\"--smush-placeholder-width: 1728px; --smush-placeholder-aspect-ratio: 1728\/972;\" \/><\/figure><\/div><div class=\"swiper-slide\" role=\"group\" aria-roledescription=\"slide\" aria-label=\"2 of 5\"><figure class=\"swiper-slide-inner\"><img decoding=\"async\" class=\"swiper-slide-image lazyload\" data-src=\"https:\/\/christofferbjorklund.com\/wp-content\/uploads\/2025\/01\/DJI_20231024171608_0435_D-1.webp\" alt=\"DJI_20231024171608_0435_D\" src=\"data:image\/svg+xml;base64,PHN2ZyB3aWR0aD0iMSIgaGVpZ2h0PSIxIiB4bWxucz0iaHR0cDovL3d3dy53My5vcmcvMjAwMC9zdmciPjwvc3ZnPg==\" style=\"--smush-placeholder-width: 1728px; --smush-placeholder-aspect-ratio: 1728\/973;\" \/><\/figure><\/div><div class=\"swiper-slide\" role=\"group\" aria-roledescription=\"slide\" aria-label=\"3 of 5\"><figure class=\"swiper-slide-inner\"><img decoding=\"async\" class=\"swiper-slide-image lazyload\" data-src=\"https:\/\/christofferbjorklund.com\/wp-content\/uploads\/2025\/01\/DJI_0128-HDR-1.webp\" alt=\"DJI_0128-HDR\" src=\"data:image\/svg+xml;base64,PHN2ZyB3aWR0aD0iMSIgaGVpZ2h0PSIxIiB4bWxucz0iaHR0cDovL3d3dy53My5vcmcvMjAwMC9zdmciPjwvc3ZnPg==\" style=\"--smush-placeholder-width: 1728px; --smush-placeholder-aspect-ratio: 1728\/973;\" \/><\/figure><\/div><div class=\"swiper-slide\" role=\"group\" aria-roledescription=\"slide\" aria-label=\"4 of 5\"><figure class=\"swiper-slide-inner\"><img decoding=\"async\" class=\"swiper-slide-image lazyload\" data-src=\"https:\/\/christofferbjorklund.com\/wp-content\/uploads\/2025\/01\/DJI_20240807224952_0983_D-1.webp\" alt=\"DJI_20240807224952_0983_D\" src=\"data:image\/svg+xml;base64,PHN2ZyB3aWR0aD0iMSIgaGVpZ2h0PSIxIiB4bWxucz0iaHR0cDovL3d3dy53My5vcmcvMjAwMC9zdmciPjwvc3ZnPg==\" style=\"--smush-placeholder-width: 1728px; --smush-placeholder-aspect-ratio: 1728\/973;\" \/><\/figure><\/div><div class=\"swiper-slide\" role=\"group\" aria-roledescription=\"slide\" aria-label=\"5 of 5\"><figure class=\"swiper-slide-inner\"><img decoding=\"async\" class=\"swiper-slide-image lazyload\" data-src=\"https:\/\/christofferbjorklund.com\/wp-content\/uploads\/2025\/01\/DJI_20240807231020_0109_D-1.webp\" alt=\"DJI_20240807231020_0109_D\" src=\"data:image\/svg+xml;base64,PHN2ZyB3aWR0aD0iMSIgaGVpZ2h0PSIxIiB4bWxucz0iaHR0cDovL3d3dy53My5vcmcvMjAwMC9zdmciPjwvc3ZnPg==\" style=\"--smush-placeholder-width: 1728px; --smush-placeholder-aspect-ratio: 1728\/973;\" \/><\/figure><\/div>\t\t\t<\/div>\n\t\t\t\t\t\t\t\n\t\t\t\t\t\t\t\t\t<\/div>\n\t\t\t\t\t\t<\/div>\n\t\t\t\t<\/div>\n\t\t\t\t<\/div>\n\t\t\t\t\t<\/div>\n\t\t\t\t<\/div>\n\t\t<div class=\"elementor-element elementor-element-a7684a3 e-flex e-con-boxed e-con e-parent\" data-id=\"a7684a3\" data-element_type=\"container\" data-e-type=\"container\">\n\t\t\t\t\t<div class=\"e-con-inner\">\n\t\t<div class=\"elementor-element elementor-element-1ac1620 e-con-full e-flex e-con e-child\" data-id=\"1ac1620\" data-element_type=\"container\" data-e-type=\"container\">\n\t\t\t\t<div class=\"elementor-element elementor-element-57bef1b elementor-widget elementor-widget-text-editor\" data-id=\"57bef1b\" data-element_type=\"widget\" data-e-type=\"widget\" data-widget_type=\"text-editor.default\">\n\t\t\t\t<div class=\"elementor-widget-container\">\n\t\t\t\t\t\t\t\t\t<p><img fetchpriority=\"high\" decoding=\"async\" class=\"alignnone wp-image-4899 size-full\" src=\"https:\/\/christofferbjorklund.com\/wp-content\/uploads\/2025\/01\/DJI_20230619112837_0283_Dver.webp\" alt=\"Dronekuvausta Vaasassa \u2013 ilmakuva tuuliturbiineista Pohjanmaalla, kuvannut Christoffer Bj\u00f6rklund.\" width=\"800\" height=\"1200\" srcset=\"https:\/\/christofferbjorklund.com\/wp-content\/uploads\/2025\/01\/DJI_20230619112837_0283_Dver.webp 800w, https:\/\/christofferbjorklund.com\/wp-content\/uploads\/2025\/01\/DJI_20230619112837_0283_Dver-200x300.webp 200w, https:\/\/christofferbjorklund.com\/wp-content\/uploads\/2025\/01\/DJI_20230619112837_0283_Dver-683x1024.webp 683w, https:\/\/christofferbjorklund.com\/wp-content\/uploads\/2025\/01\/DJI_20230619112837_0283_Dver-768x1152.webp 768w\" sizes=\"(max-width: 800px) 100vw, 800px\" \/><\/p>\t\t\t\t\t\t\t\t<\/div>\n\t\t\t\t<\/div>\n\t\t\t\t<\/div>\n\t\t<div class=\"elementor-element elementor-element-f01651d e-con-full e-flex e-con e-child\" data-id=\"f01651d\" data-element_type=\"container\" data-e-type=\"container\">\n\t\t\t\t<div class=\"elementor-element elementor-element-01db93c elementor-widget elementor-widget-heading\" data-id=\"01db93c\" data-element_type=\"widget\" data-e-type=\"widget\" data-widget_type=\"heading.default\">\n\t\t\t\t<div class=\"elementor-widget-container\">\n\t\t\t\t\t<h2 class=\"elementor-heading-title elementor-size-default\">Miksi valita dronekuvaus?<\/h2>\t\t\t\t<\/div>\n\t\t\t\t<\/div>\n\t\t\t\t<div class=\"elementor-element elementor-element-f267334 elementor-widget elementor-widget-text-editor\" data-id=\"f267334\" data-element_type=\"widget\" data-e-type=\"widget\" data-widget_type=\"text-editor.default\">\n\t\t\t\t<div class=\"elementor-widget-container\">\n\t\t\t\t\t\t\t\t\t<p>Vie visuaalinen viestint\u00e4si uusiin ulottuvuuksiin ammattimaisen <strong><a href=\"https:\/\/christofferbjorklund.com\/fi\/dronekuvat\/\">dronekuvauksen <\/a><\/strong>avulla! Kauniit maisemat ja ainutlaatuiset n\u00e4kym\u00e4t luovat &#8220;wow&#8221;-el\u00e4myksi\u00e4 projekteillesi, oli kyse kiinteist\u00f6ist\u00e4, tapahtumista, mainonnasta tai luonnonkuvista.<\/p><p>Uusimman tekniikan ja t\u00e4ydellisyyden intohimon kanssa tarjoan korkealaatuisia kuvia ja videoita, jotka erottuvat joukosta.<\/p><p>Yritykseni on vakuutettu ja minulla on p\u00e4tevyystodistus lent\u00e4\u00e4 A1\/A3- sek\u00e4 A2-luokissa.<\/p>\t\t\t\t\t\t\t\t<\/div>\n\t\t\t\t<\/div>\n\t\t\t\t<div class=\"elementor-element elementor-element-b3e95eb elementor-widget elementor-widget-heading\" data-id=\"b3e95eb\" data-element_type=\"widget\" data-e-type=\"widget\" data-widget_type=\"heading.default\">\n\t\t\t\t<div class=\"elementor-widget-container\">\n\t\t\t\t\t<h2 class=\"elementor-heading-title elementor-size-default\">Tarvitsetteko dronekuvausta Vaasassa tai haluatteko tiet\u00e4\u00e4, miten dronekuvat voivat vahvistaa br\u00e4ndi\u00e4nne? Ota yhteytt\u00e4 saadaksesi tarjouksen ja suunnittelun. <\/h2>\t\t\t\t<\/div>\n\t\t\t\t<\/div>\n\t\t\t\t<div class=\"elementor-element elementor-element-9040b82 elementor-tablet-align-center elementor-widget-mobile__width-inherit elementor-invisible elementor-widget elementor-widget-button\" data-id=\"9040b82\" data-element_type=\"widget\" data-e-type=\"widget\" data-settings=\"{&quot;_animation&quot;:&quot;fadeInDown&quot;}\" data-widget_type=\"button.default\">\n\t\t\t\t<div class=\"elementor-widget-container\">\n\t\t\t\t\t\t\t\t\t<div class=\"elementor-button-wrapper\">\n\t\t\t\t\t<a class=\"elementor-button elementor-button-link elementor-size-md\" href=\"https:\/\/christofferbjorklund.com\/fi\/yhteystiedot-valokuvaaja-vaasa\/\">\n\t\t\t\t\t\t<span class=\"elementor-button-content-wrapper\">\n\t\t\t\t\t\t\t\t\t<span class=\"elementor-button-text\">Ota yhteytt\u00e4<\/span>\n\t\t\t\t\t<\/span>\n\t\t\t\t\t<\/a>\n\t\t\t\t<\/div>\n\t\t\t\t\t\t\t\t<\/div>\n\t\t\t\t<\/div>\n\t\t\t\t<\/div>\n\t\t\t\t\t<\/div>\n\t\t\t\t<\/div>\n\t\t<div class=\"elementor-element elementor-element-6347667 e-flex e-con-boxed e-con e-parent\" data-id=\"6347667\" data-element_type=\"container\" data-e-type=\"container\">\n\t\t\t\t\t<div class=\"e-con-inner\">\n\t\t\t\t<div class=\"elementor-element elementor-element-47e4b6e elementor-invisible elementor-widget elementor-widget-heading\" data-id=\"47e4b6e\" data-element_type=\"widget\" data-e-type=\"widget\" data-settings=\"{&quot;_animation&quot;:&quot;fadeInUp&quot;}\" data-widget_type=\"heading.default\">\n\t\t\t\t<div class=\"elementor-widget-container\">\n\t\t\t\t\t<h5 class=\"elementor-heading-title elementor-size-default\">Inspiraatio<\/h5>\t\t\t\t<\/div>\n\t\t\t\t<\/div>\n\t\t\t\t<div class=\"elementor-element elementor-element-c7af289 elementor-widget elementor-widget-text-editor\" data-id=\"c7af289\" data-element_type=\"widget\" data-e-type=\"widget\" data-widget_type=\"text-editor.default\">\n\t\t\t\t<div class=\"elementor-widget-container\">\n\t\t\t\t\t\t\t\t\t<p>Tutustu aiempiin projekteihin eri toimialoilta \u2013 teollisuus, viestint\u00e4, yhteiskunta ja kulttuuri.<\/p>\t\t\t\t\t\t\t\t<\/div>\n\t\t\t\t<\/div>\n\t\t\t\t\t<\/div>\n\t\t\t\t<\/div>\n\t\t<div class=\"elementor-element elementor-element-e5b1a08 e-flex e-con-boxed e-con e-parent\" data-id=\"e5b1a08\" data-element_type=\"container\" data-e-type=\"container\">\n\t\t\t\t\t<div class=\"e-con-inner\">\n\t\t\t\t<div class=\"elementor-element elementor-element-2a65e93 elementor-cta--skin-cover elementor-cta--valign-middle elementor-widget__width-initial elementor-widget-mobile__width-inherit elementor-animated-content elementor-bg-transform elementor-bg-transform-zoom-in elementor-widget elementor-widget-call-to-action\" data-id=\"2a65e93\" data-element_type=\"widget\" data-e-type=\"widget\" data-widget_type=\"call-to-action.default\">\n\t\t\t\t<div class=\"elementor-widget-container\">\n\t\t\t\t\t\t\t<a class=\"elementor-cta\" href=\"https:\/\/christofferbjorklund.com\/bilder-med-dronare\/\">\n\t\t\t\t\t<div class=\"elementor-cta__bg-wrapper\">\n\t\t\t\t<div class=\"elementor-cta__bg elementor-bg lazyload\" style=\"background-image:inherit;\" role=\"img\" aria-label=\"DJI_0130\" data-bg-image=\"url(https:\/\/christofferbjorklund.com\/wp-content\/uploads\/2025\/01\/DJI_0130.webp)\"><\/div>\n\t\t\t\t<div class=\"elementor-cta__bg-overlay\"><\/div>\n\t\t\t<\/div>\n\t\t\t\t\t\t\t<div class=\"elementor-cta__content\">\n\t\t\t\t\n\t\t\t\t\t\t\t\t\t<h5 class=\"elementor-cta__title elementor-cta__content-item elementor-content-item elementor-animated-item--enter-zoom-in\">\n\t\t\t\t\t\tWasaline\t\t\t\t\t<\/h5>\n\t\t\t\t\n\t\t\t\t\n\t\t\t\t\t\t\t<\/div>\n\t\t\t\t\t\t<\/a>\n\t\t\t\t\t\t<\/div>\n\t\t\t\t<\/div>\n\t\t\t\t<div class=\"elementor-element elementor-element-c2607d0 elementor-cta--skin-cover elementor-cta--valign-middle elementor-widget__width-initial elementor-widget-mobile__width-inherit elementor-animated-content elementor-bg-transform elementor-bg-transform-zoom-in elementor-widget elementor-widget-call-to-action\" data-id=\"c2607d0\" data-element_type=\"widget\" data-e-type=\"widget\" data-widget_type=\"call-to-action.default\">\n\t\t\t\t<div class=\"elementor-widget-container\">\n\t\t\t\t\t\t\t<a class=\"elementor-cta\" href=\"https:\/\/christofferbjorklund.com\/bilder-med-dronare\/\">\n\t\t\t\t\t<div class=\"elementor-cta__bg-wrapper\">\n\t\t\t\t<div class=\"elementor-cta__bg elementor-bg lazyload\" style=\"background-image:inherit;\" role=\"img\" aria-label=\"DJI_20240807231020_0109_D\" data-bg-image=\"url(https:\/\/christofferbjorklund.com\/wp-content\/uploads\/2025\/01\/DJI_20240807231020_0109_D-1.webp)\"><\/div>\n\t\t\t\t<div class=\"elementor-cta__bg-overlay\"><\/div>\n\t\t\t<\/div>\n\t\t\t\t\t\t\t<div class=\"elementor-cta__content\">\n\t\t\t\t\n\t\t\t\t\t\t\t\t\t<h5 class=\"elementor-cta__title elementor-cta__content-item elementor-content-item elementor-animated-item--enter-zoom-in\">\n\t\t\t\t\t\tVaasan kaupunki\t\t\t\t\t<\/h5>\n\t\t\t\t\n\t\t\t\t\n\t\t\t\t\t\t\t<\/div>\n\t\t\t\t\t\t<\/a>\n\t\t\t\t\t\t<\/div>\n\t\t\t\t<\/div>\n\t\t\t\t<div class=\"elementor-element elementor-element-da6757a elementor-cta--skin-cover elementor-cta--valign-middle elementor-widget__width-initial elementor-widget-mobile__width-inherit elementor-animated-content elementor-bg-transform elementor-bg-transform-zoom-in elementor-widget elementor-widget-call-to-action\" data-id=\"da6757a\" data-element_type=\"widget\" data-e-type=\"widget\" data-widget_type=\"call-to-action.default\">\n\t\t\t\t<div class=\"elementor-widget-container\">\n\t\t\t\t\t\t\t<a class=\"elementor-cta\" href=\"https:\/\/christofferbjorklund.com\/bilder-med-dronare\/\">\n\t\t\t\t\t<div class=\"elementor-cta__bg-wrapper\">\n\t\t\t\t<div class=\"elementor-cta__bg elementor-bg lazyload\" style=\"background-image:inherit;\" role=\"img\" aria-label=\"Valokuvaaja Vaasa \u2013 dronekuva laivasta Pohjanmaalla, esimerkki Christoffer Bj\u00f6rklundin portfoliosta\" data-bg-image=\"url(https:\/\/christofferbjorklund.com\/wp-content\/uploads\/2025\/01\/DJI_20231024170447_0320_D-1024x683.webp)\"><\/div>\n\t\t\t\t<div class=\"elementor-cta__bg-overlay\"><\/div>\n\t\t\t<\/div>\n\t\t\t\t\t\t\t<div class=\"elementor-cta__content\">\n\t\t\t\t\n\t\t\t\t\t\t\t\t\t<h5 class=\"elementor-cta__title elementor-cta__content-item elementor-content-item elementor-animated-item--enter-zoom-in\">\n\t\t\t\t\t\tKWH Logistics\t\t\t\t\t<\/h5>\n\t\t\t\t\n\t\t\t\t\n\t\t\t\t\t\t\t<\/div>\n\t\t\t\t\t\t<\/a>\n\t\t\t\t\t\t<\/div>\n\t\t\t\t<\/div>\n\t\t\t\t<div class=\"elementor-element elementor-element-8331300 elementor-cta--skin-cover elementor-cta--valign-middle elementor-widget__width-initial elementor-widget-mobile__width-inherit elementor-animated-content elementor-bg-transform elementor-bg-transform-zoom-in elementor-widget elementor-widget-call-to-action\" data-id=\"8331300\" data-element_type=\"widget\" data-e-type=\"widget\" data-widget_type=\"call-to-action.default\">\n\t\t\t\t<div class=\"elementor-widget-container\">\n\t\t\t\t\t\t\t<a class=\"elementor-cta\" href=\"https:\/\/christofferbjorklund.com\/bilder-med-dronare\/\">\n\t\t\t\t\t<div class=\"elementor-cta__bg-wrapper\">\n\t\t\t\t<div class=\"elementor-cta__bg elementor-bg lazyload\" style=\"background-image:inherit;\" role=\"img\" aria-label=\"DJI_20240419130220_0280_D\" data-bg-image=\"url(https:\/\/christofferbjorklund.com\/wp-content\/uploads\/2025\/01\/DJI_20240419130220_0280_D.webp)\"><\/div>\n\t\t\t\t<div class=\"elementor-cta__bg-overlay\"><\/div>\n\t\t\t<\/div>\n\t\t\t\t\t\t\t<div class=\"elementor-cta__content\">\n\t\t\t\t\n\t\t\t\t\t\t\t\t\t<h5 class=\"elementor-cta__title elementor-cta__content-item elementor-content-item elementor-animated-item--enter-zoom-in\">\n\t\t\t\t\t\tKWH Logistics\t\t\t\t\t<\/h5>\n\t\t\t\t\n\t\t\t\t\n\t\t\t\t\t\t\t<\/div>\n\t\t\t\t\t\t<\/a>\n\t\t\t\t\t\t<\/div>\n\t\t\t\t<\/div>\n\t\t\t\t<div class=\"elementor-element elementor-element-b3d7c42 elementor-align-center elementor-widget__width-inherit elementor-invisible elementor-widget elementor-widget-button\" data-id=\"b3d7c42\" data-element_type=\"widget\" data-e-type=\"widget\" data-settings=\"{&quot;_animation&quot;:&quot;fadeInDown&quot;}\" data-widget_type=\"button.default\">\n\t\t\t\t<div class=\"elementor-widget-container\">\n\t\t\t\t\t\t\t\t\t<div class=\"elementor-button-wrapper\">\n\t\t\t\t\t<a class=\"elementor-button elementor-button-link elementor-size-md\" href=\"https:\/\/christofferbjorklund.com\/fi\/valokuvaaja-vaasa-portfolio\/\">\n\t\t\t\t\t\t<span class=\"elementor-button-content-wrapper\">\n\t\t\t\t\t\t\t\t\t<span class=\"elementor-button-text\">Katso kaikki valitut ty\u00f6t<\/span>\n\t\t\t\t\t<\/span>\n\t\t\t\t\t<\/a>\n\t\t\t\t<\/div>\n\t\t\t\t\t\t\t\t<\/div>\n\t\t\t\t<\/div>\n\t\t\t\t\t<\/div>\n\t\t\t\t<\/div>\n\t\t\t\t<\/div>\n\t\t","protected":false},"excerpt":{"rendered":"<p>Dronekuvaus Vaasassa | Ilmakuvaus ja dronevideo | Christoffer Bj\u00f6rklund Dronekuvauksella Vaasassa yrityksellesi avautuu ainutlaatuisia n\u00e4k\u00f6kulmia, jotka tuovat esiin toiminnan, ymp\u00e4rist\u00f6t ja tapahtumat aivan uudella tavalla. Tarjoan sek\u00e4 dronekuvia ett\u00e4 dronevideota korkealaatuisina \u2013 t\u00e4ydellisi\u00e4 markkinointiin, vuosikertomuksiin ja sosiaaliseen mediaan. Valokuvaaja Vaasassa \u2013 br\u00e4ndikuvat maasta ja ilmasta. Miksi valita dronekuvaus? Vie visuaalinen viestint\u00e4si uusiin ulottuvuuksiin ammattimaisen dronekuvauksen [&hellip;]<\/p>\n","protected":false},"author":1,"featured_media":0,"parent":0,"menu_order":0,"comment_status":"closed","ping_status":"closed","template":"","meta":{"footnotes":""},"class_list":["post-5265","page","type-page","status-publish","hentry"],"_links":{"self":[{"href":"https:\/\/christofferbjorklund.com\/fi\/wp-json\/wp\/v2\/pages\/5265","targetHints":{"allow":["GET"]}}],"collection":[{"href":"https:\/\/christofferbjorklund.com\/fi\/wp-json\/wp\/v2\/pages"}],"about":[{"href":"https:\/\/christofferbjorklund.com\/fi\/wp-json\/wp\/v2\/types\/page"}],"author":[{"embeddable":true,"href":"https:\/\/christofferbjorklund.com\/fi\/wp-json\/wp\/v2\/users\/1"}],"replies":[{"embeddable":true,"href":"https:\/\/christofferbjorklund.com\/fi\/wp-json\/wp\/v2\/comments?post=5265"}],"version-history":[{"count":0,"href":"https:\/\/christofferbjorklund.com\/fi\/wp-json\/wp\/v2\/pages\/5265\/revisions"}],"wp:attachment":[{"href":"https:\/\/christofferbjorklund.com\/fi\/wp-json\/wp\/v2\/media?parent=5265"}],"curies":[{"name":"wp","href":"https:\/\/api.w.org\/{rel}","templated":true}]}}